{"id":125,"date":"2023-05-22T13:58:41","date_gmt":"2023-05-22T13:58:41","guid":{"rendered":"http:\/\/clinicaveterinariavalls.es\/pide-tu-cita\/"},"modified":"2026-02-05T08:43:01","modified_gmt":"2026-02-05T08:43:01","slug":"pide-tu-cita","status":"publish","type":"page","link":"http:\/\/clinicaveterinariavalls.es\/en\/pide-tu-cita\/","title":{"rendered":"Pide tu cita"},"content":{"rendered":"<p>[et_pb_section fb_built=\u00bb1&#8243; custom_padding_last_edited=\u00bbon|phone\u00bb _builder_version=\u00bb4.23.4&#8243; _module_preset=\u00bbdefault\u00bb background_color=\u00bbgcid-8323165f-da91-4be0-b31b-381a5027f40d\u00bb use_background_color_gradient=\u00bbon\u00bb background_color_gradient_stops=\u00bbrgba(108,37,82,0.6) 0%|rgba(108,37,82,0.6) 100%\u00bb background_color_gradient_overlays_image=\u00bbon\u00bb background_image=\u00bbhttp:\/\/clinicaveterinariavalls.es\/wp-content\/uploads\/2023\/11\/IMG_5953-scaled.jpg\u00bb custom_padding=\u00bb100px||100px||true|false\u00bb custom_padding_tablet=\u00bb100px||100px||true|false\u00bb custom_padding_phone=\u00bb70px||70px||true|false\u00bb locked=\u00bboff\u00bb global_colors_info=\u00bb{%22gcid-8323165f-da91-4be0-b31b-381a5027f40d%22:%91%22background_color%22,%22background_color_gradient_stops%22%93}\u00bb][et_pb_row _builder_version=\u00bb4.21.0&#8243; _module_preset=\u00bbdefault\u00bb global_colors_info=\u00bb{}\u00bb][et_pb_column type=\u00bb4_4&#8243; _builder_version=\u00bb4.21.0&#8243; _module_preset=\u00bbdefault\u00bb global_colors_info=\u00bb{}\u00bb][et_pb_text _builder_version=\u00bb4.21.0&#8243; _dynamic_attributes=\u00bbcontent\u00bb _module_preset=\u00bbdefault\u00bb header_text_color=\u00bb#FFFFFF\u00bb header_font_size=\u00bb66px\u00bb custom_margin=\u00bb||1px||false|false\u00bb custom_margin_tablet=\u00bb||0px||false|false\u00bb custom_margin_phone=\u00bb||0px||false|false\u00bb custom_margin_last_edited=\u00bbon|tablet\u00bb header_font_size_tablet=\u00bb52px\u00bb header_font_size_phone=\u00bb40px\u00bb global_colors_info=\u00bb{}\u00bb]@ET-DC@eyJkeW5hbWljIjp0cnVlLCJjb250ZW50IjoicG9zdF90aXRsZSIsInNldHRpbmdzIjp7ImJlZm9yZSI6IjxoMT4iLCJhZnRlciI6IjwvaDE+In19@[\/et_pb_text][lwp_divi_breadcrumbs use_before_icon=\u00bboff\u00bb link_color=\u00bb#FFFFFF\u00bb separator_color=\u00bb#FFFFFF\u00bb current_text_color=\u00bb#FFFFFF\u00bb _builder_version=\u00bb4.27.4&#8243; _module_preset=\u00bbdefault\u00bb module_font=\u00bbKarla||||||||\u00bb module_text_color=\u00bb#FFFFFF\u00bb module_font_size=\u00bb16px\u00bb module_line_height=\u00bb1.8em\u00bb text_orientation=\u00bbleft\u00bb hover_enabled=\u00bb0&#8243; global_colors_info=\u00bb{}\u00bb font_icon=\u00bb&#x39;||divi||400&#8243; sticky_enabled=\u00bb0&#8243;][\/lwp_divi_breadcrumbs][\/et_pb_column][\/et_pb_row][\/et_pb_section][et_pb_section fb_built=\u00bb1&#8243; _builder_version=\u00bb4.21.0&#8243; _module_preset=\u00bbdefault\u00bb global_colors_info=\u00bb{}\u00bb][et_pb_row _builder_version=\u00bb4.21.0&#8243; _module_preset=\u00bbdefault\u00bb global_colors_info=\u00bb{}\u00bb][et_pb_column type=\u00bb4_4&#8243; _builder_version=\u00bb4.21.0&#8243; _module_preset=\u00bbdefault\u00bb global_colors_info=\u00bb{}\u00bb][et_pb_contact_form captcha=\u00bboff\u00bb email=\u00bbclinica.veterinaria.valls@gmail.com,ma.sanchez@realego.com\u00bb submit_button_text=\u00bbENVIAR\u00bb _builder_version=\u00bb4.27.4&#8243; _module_preset=\u00bbdefault\u00bb _unique_id=\u00bb133&#8243; form_field_background_color=\u00bb#F1F4F6&#8243; form_field_text_color=\u00bbgcid-bd61a045-8320-439b-831d-8ec105c3fb0c\u00bb form_field_focus_background_color=\u00bb#F1F4F6&#8243; form_field_focus_text_color=\u00bb#160712&#8243; form_field_custom_padding=\u00bb18px||18px||true|false\u00bb form_field_font=\u00bbKarla||||||||\u00bb form_field_font_size=\u00bb15px\u00bb form_field_line_height=\u00bb1.9em\u00bb custom_button=\u00bbon\u00bb button_text_size=\u00bb18px\u00bb button_text_color=\u00bb#FFFFFF\u00bb button_bg_color=\u00bbgcid-1ace7f53-403b-4f2e-bba5-1f5759a9be8a\u00bb button_border_width=\u00bb0px\u00bb button_border_radius=\u00bb6px\u00bb button_font=\u00bbLeague Spartan|700||on|||||\u00bb button_use_icon=\u00bboff\u00bb button_custom_padding=\u00bb20px|40px|13px|40px|false|true\u00bb border_radii=\u00bbon|6px|6px|6px|6px\u00bb global_colors_info=\u00bb{%22gcid-bd61a045-8320-439b-831d-8ec105c3fb0c%22:%91%22form_field_text_color%22%93,%22gcid-1ace7f53-403b-4f2e-bba5-1f5759a9be8a%22:%91%22button_bg_color%22%93}\u00bb][et_pb_contact_field field_id=\u00bbNOMBRE\u00bb field_title=\u00bbNOMBRE\u00bb _builder_version=\u00bb4.21.0&#8243; global_colors_info=\u00bb{}\u00bb button_text_size__hover_enabled=\u00bboff\u00bb button_one_text_size__hover_enabled=\u00bboff\u00bb button_two_text_size__hover_enabled=\u00bboff\u00bb button_text_color__hover_enabled=\u00bboff\u00bb button_one_text_color__hover_enabled=\u00bboff\u00bb button_two_text_color__hover_enabled=\u00bboff\u00bb button_border_width__hover_enabled=\u00bboff\u00bb button_one_border_width__hover_enabled=\u00bboff\u00bb button_two_border_width__hover_enabled=\u00bboff\u00bb button_border_color__hover_enabled=\u00bboff\u00bb button_one_border_color__hover_enabled=\u00bboff\u00bb button_two_border_color__hover_enabled=\u00bboff\u00bb button_border_radius__hover_enabled=\u00bboff\u00bb button_one_border_radius__hover_enabled=\u00bboff\u00bb button_two_border_radius__hover_enabled=\u00bboff\u00bb button_letter_spacing__hover_enabled=\u00bboff\u00bb button_one_letter_spacing__hover_enabled=\u00bboff\u00bb button_two_letter_spacing__hover_enabled=\u00bboff\u00bb button_bg_color__hover_enabled=\u00bboff\u00bb button_one_bg_color__hover_enabled=\u00bboff\u00bb button_two_bg_color__hover_enabled=\u00bboff\u00bb][\/et_pb_contact_field][et_pb_contact_field field_id=\u00bbTEL\u00c9FONO\u00bb field_title=\u00bbTEL\u00c9FONO\u00bb allowed_symbols=\u00bbnumbers\u00bb _builder_version=\u00bb4.21.0&#8243; global_colors_info=\u00bb{}\u00bb button_text_size__hover_enabled=\u00bboff\u00bb button_one_text_size__hover_enabled=\u00bboff\u00bb button_two_text_size__hover_enabled=\u00bboff\u00bb button_text_color__hover_enabled=\u00bboff\u00bb button_one_text_color__hover_enabled=\u00bboff\u00bb button_two_text_color__hover_enabled=\u00bboff\u00bb button_border_width__hover_enabled=\u00bboff\u00bb button_one_border_width__hover_enabled=\u00bboff\u00bb button_two_border_width__hover_enabled=\u00bboff\u00bb button_border_color__hover_enabled=\u00bboff\u00bb button_one_border_color__hover_enabled=\u00bboff\u00bb button_two_border_color__hover_enabled=\u00bboff\u00bb button_border_radius__hover_enabled=\u00bboff\u00bb button_one_border_radius__hover_enabled=\u00bboff\u00bb button_two_border_radius__hover_enabled=\u00bboff\u00bb button_letter_spacing__hover_enabled=\u00bboff\u00bb button_one_letter_spacing__hover_enabled=\u00bboff\u00bb button_two_letter_spacing__hover_enabled=\u00bboff\u00bb button_bg_color__hover_enabled=\u00bboff\u00bb button_one_bg_color__hover_enabled=\u00bboff\u00bb button_two_bg_color__hover_enabled=\u00bboff\u00bb][\/et_pb_contact_field][et_pb_contact_field field_id=\u00bbEMAIL\u00bb field_title=\u00bbEMAIL\u00bb field_type=\u00bbemail\u00bb fullwidth_field=\u00bbon\u00bb _builder_version=\u00bb4.21.0&#8243; global_colors_info=\u00bb{}\u00bb button_text_size__hover_enabled=\u00bboff\u00bb button_one_text_size__hover_enabled=\u00bboff\u00bb button_two_text_size__hover_enabled=\u00bboff\u00bb button_text_color__hover_enabled=\u00bboff\u00bb button_one_text_color__hover_enabled=\u00bboff\u00bb button_two_text_color__hover_enabled=\u00bboff\u00bb button_border_width__hover_enabled=\u00bboff\u00bb button_one_border_width__hover_enabled=\u00bboff\u00bb button_two_border_width__hover_enabled=\u00bboff\u00bb button_border_color__hover_enabled=\u00bboff\u00bb button_one_border_color__hover_enabled=\u00bboff\u00bb button_two_border_color__hover_enabled=\u00bboff\u00bb button_border_radius__hover_enabled=\u00bboff\u00bb button_one_border_radius__hover_enabled=\u00bboff\u00bb button_two_border_radius__hover_enabled=\u00bboff\u00bb button_letter_spacing__hover_enabled=\u00bboff\u00bb button_one_letter_spacing__hover_enabled=\u00bboff\u00bb button_two_letter_spacing__hover_enabled=\u00bboff\u00bb button_bg_color__hover_enabled=\u00bboff\u00bb button_one_bg_color__hover_enabled=\u00bboff\u00bb button_two_bg_color__hover_enabled=\u00bboff\u00bb][\/et_pb_contact_field][et_pb_contact_field field_id=\u00bbMENSAJE\u00bb field_title=\u00bbMENSAJE\u00bb field_type=\u00bbtext\u00bb fullwidth_field=\u00bbon\u00bb _builder_version=\u00bb4.21.0&#8243; global_colors_info=\u00bb{}\u00bb button_text_size__hover_enabled=\u00bboff\u00bb button_one_text_size__hover_enabled=\u00bboff\u00bb button_two_text_size__hover_enabled=\u00bboff\u00bb button_text_color__hover_enabled=\u00bboff\u00bb button_one_text_color__hover_enabled=\u00bboff\u00bb button_two_text_color__hover_enabled=\u00bboff\u00bb button_border_width__hover_enabled=\u00bboff\u00bb button_one_border_width__hover_enabled=\u00bboff\u00bb button_two_border_width__hover_enabled=\u00bboff\u00bb button_border_color__hover_enabled=\u00bboff\u00bb button_one_border_color__hover_enabled=\u00bboff\u00bb button_two_border_color__hover_enabled=\u00bboff\u00bb button_border_radius__hover_enabled=\u00bboff\u00bb button_one_border_radius__hover_enabled=\u00bboff\u00bb button_two_border_radius__hover_enabled=\u00bboff\u00bb button_letter_spacing__hover_enabled=\u00bboff\u00bb button_one_letter_spacing__hover_enabled=\u00bboff\u00bb button_two_letter_spacing__hover_enabled=\u00bboff\u00bb button_bg_color__hover_enabled=\u00bboff\u00bb button_one_bg_color__hover_enabled=\u00bboff\u00bb button_two_bg_color__hover_enabled=\u00bboff\u00bb][\/et_pb_contact_field][\/et_pb_contact_form][\/et_pb_column][\/et_pb_row][et_pb_row column_structure=\u00bb1_3,1_3,1_3&#8243; _builder_version=\u00bb4.21.0&#8243; _module_preset=\u00bbdefault\u00bb locked=\u00bboff\u00bb global_colors_info=\u00bb{}\u00bb][et_pb_column type=\u00bb1_3&#8243; module_class=\u00bbda_no_service\u00bb _builder_version=\u00bb4.21.0&#8243; _module_preset=\u00bbdefault\u00bb custom_padding=\u00bb25px|25px|25px|25px|true|true\u00bb border_radii=\u00bbon|10px|10px|10px|10px\u00bb border_width_all=\u00bb1px\u00bb border_color_all=\u00bb#d9eaf4&#8243; global_colors_info=\u00bb{}\u00bb border_color_all__hover_enabled=\u00bbon|desktop\u00bb border_color_all__hover=\u00bbRGBA(255,255,255,0)\u00bb][et_pb_blurb title=\u00bbTel\u00e9fonos:\u00bb image=\u00bbhttp:\/\/clinicaveterinariavalls.es\/wp-content\/uploads\/2023\/07\/phone-call-3.png\u00bb image_icon_width=\u00bb80px\u00bb icon_alignment=\u00bbleft\u00bb content_max_width=\u00bb100%\u00bb _builder_version=\u00bb4.22.1&#8243; _module_preset=\u00bbdefault\u00bb header_font=\u00bbLeague Spartan|700|||||||\u00bb header_text_color=\u00bbgcid-bd61a045-8320-439b-831d-8ec105c3fb0c\u00bb header_font_size=\u00bb20px\u00bb header_line_height=\u00bb1.3em\u00bb body_font=\u00bbKarla|500|||||||\u00bb body_text_color=\u00bbgcid-bd61a045-8320-439b-831d-8ec105c3fb0c\u00bb body_font_size=\u00bb18px\u00bb body_line_height=\u00bb1.9em\u00bb body_link_font=\u00bb|600|||on||||\u00bb body_link_text_color=\u00bb#160712&#8243; background_enable_color=\u00bboff\u00bb image_icon_custom_padding=\u00bb8px|8px|8px|8px|true|true\u00bb header_font_size_tablet=\u00bb24px\u00bb header_font_size_phone=\u00bb22px\u00bb header_font_size_last_edited=\u00bboff|desktop\u00bb custom_css_blurb_title=\u00bbtext-transform: capitalize;\u00bb custom_css_blurb_content=\u00bbfont-weight: 400&#8243; global_colors_info=\u00bb{%22gcid-bd61a045-8320-439b-831d-8ec105c3fb0c%22:%91%22header_text_color%22,%22body_text_color%22,%22header_text_color%22,%22body_text_color%22%93}\u00bb body_link_text_color__hover_enabled=\u00bbon|hover\u00bb body_link_text_color__hover=\u00bb#6C2552&#8243;]<\/p>\n<p><a href=\"tel:34941519260\">+34 941 51 92 60<\/a><\/p>\n<p><a href=\"tel:+34941519260\">+34 639 021 064<\/a><\/p>\n<p>[\/et_pb_blurb][\/et_pb_column][et_pb_column type=\u00bb1_3&#8243; module_class=\u00bbda_no_service\u00bb _builder_version=\u00bb4.21.0&#8243; _module_preset=\u00bbdefault\u00bb custom_padding=\u00bb25px|25px|25px|25px|true|true\u00bb border_radii=\u00bbon|10px|10px|10px|10px\u00bb border_width_all=\u00bb1px\u00bb border_color_all=\u00bb#d9eaf4&#8243; global_colors_info=\u00bb{}\u00bb border_color_all__hover_enabled=\u00bbon|desktop\u00bb border_color_all__hover=\u00bbRGBA(255,255,255,0)\u00bb][et_pb_blurb title=\u00bbE-Mail:\u00bb image=\u00bbhttp:\/\/clinicaveterinariavalls.es\/wp-content\/uploads\/2023\/07\/email-5.png\u00bb image_icon_width=\u00bb80px\u00bb icon_alignment=\u00bbleft\u00bb content_max_width=\u00bb100%\u00bb _builder_version=\u00bb4.21.0&#8243; _module_preset=\u00bbdefault\u00bb header_font=\u00bbLeague Spartan|700|||||||\u00bb header_text_color=\u00bbgcid-bd61a045-8320-439b-831d-8ec105c3fb0c\u00bb header_font_size=\u00bb20px\u00bb header_line_height=\u00bb1.3em\u00bb body_font=\u00bbKarla|500|||||||\u00bb body_text_color=\u00bbgcid-bd61a045-8320-439b-831d-8ec105c3fb0c\u00bb body_font_size=\u00bb18px\u00bb body_line_height=\u00bb1.9em\u00bb body_link_font=\u00bb|600|||on||||\u00bb body_link_text_color=\u00bb#160712&#8243; background_enable_color=\u00bboff\u00bb image_icon_custom_padding=\u00bb8px|8px|8px|8px|true|true\u00bb header_font_size_tablet=\u00bb24px\u00bb header_font_size_phone=\u00bb22px\u00bb header_font_size_last_edited=\u00bboff|desktop\u00bb custom_css_blurb_title=\u00bbtext-transform: capitalize;\u00bb custom_css_blurb_content=\u00bbfont-weight: 400&#8243; locked=\u00bboff\u00bb global_colors_info=\u00bb{%22gcid-bd61a045-8320-439b-831d-8ec105c3fb0c%22:%91%22header_text_color%22,%22body_text_color%22,%22header_text_color%22,%22body_text_color%22%93}\u00bb body_link_text_color__hover_enabled=\u00bbon|hover\u00bb body_link_text_color__hover=\u00bb#6C2552&#8243;]<\/p>\n<p><a href=\"mailto:clinica.veterinaria.valls@gmail.com\">clinica.veterinaria.valls@gmail.com<\/a><\/p>\n<p>[\/et_pb_blurb][\/et_pb_column][et_pb_column type=\u00bb1_3&#8243; module_class=\u00bbda_no_service\u00bb _builder_version=\u00bb4.21.0&#8243; _module_preset=\u00bbdefault\u00bb custom_padding=\u00bb25px|25px|25px|25px|true|true\u00bb border_radii=\u00bbon|10px|10px|10px|10px\u00bb border_width_all=\u00bb1px\u00bb border_color_all=\u00bb#d9eaf4&#8243; global_colors_info=\u00bb{}\u00bb border_color_all__hover_enabled=\u00bbon|desktop\u00bb border_color_all__hover=\u00bbRGBA(255,255,255,0)\u00bb][et_pb_blurb title=\u00bbDirecci\u00f3n: \u00bb image=\u00bbhttp:\/\/clinicaveterinariavalls.es\/wp-content\/uploads\/2023\/07\/address.png\u00bb image_icon_width=\u00bb80px\u00bb icon_alignment=\u00bbleft\u00bb content_max_width=\u00bb100%\u00bb _builder_version=\u00bb4.21.0&#8243; _module_preset=\u00bbdefault\u00bb header_font=\u00bbLeague Spartan|700|||||||\u00bb header_text_color=\u00bbgcid-bd61a045-8320-439b-831d-8ec105c3fb0c\u00bb header_font_size=\u00bb20px\u00bb header_line_height=\u00bb1.3em\u00bb body_font=\u00bbKarla|500|||||||\u00bb body_text_color=\u00bbgcid-bd61a045-8320-439b-831d-8ec105c3fb0c\u00bb body_font_size=\u00bb18px\u00bb body_line_height=\u00bb1.9em\u00bb body_link_font=\u00bb|600|||on||||\u00bb body_link_text_color=\u00bb#160712&#8243; background_enable_color=\u00bboff\u00bb image_icon_custom_padding=\u00bb8px|8px|8px|8px|true|true\u00bb header_font_size_tablet=\u00bb24px\u00bb header_font_size_phone=\u00bb22px\u00bb header_font_size_last_edited=\u00bboff|desktop\u00bb custom_css_blurb_title=\u00bbtext-transform: capitalize;\u00bb custom_css_blurb_content=\u00bbfont-weight: 400&#8243; locked=\u00bboff\u00bb global_colors_info=\u00bb{%22gcid-bd61a045-8320-439b-831d-8ec105c3fb0c%22:%91%22header_text_color%22,%22body_text_color%22,%22header_text_color%22,%22body_text_color%22%93}\u00bb body_link_text_color__hover_enabled=\u00bbon|hover\u00bb body_link_text_color__hover=\u00bb#6C2552&#8243;]<\/p>\n<p>Parque San Miguel, 5, 26007 Logro\u00f1o, La Rioja, Espa\u00f1a.<\/p>\n<p>[\/et_pb_blurb][\/et_pb_column][\/et_pb_row][\/et_pb_section]<\/p>","protected":false},"excerpt":{"rendered":"<p><div class=\"et_pb_module lwp_divi_breadcrumbs lwp_divi_breadcrumbs_0\">\n\t\t\t\t\n\t\t\t\t\n\t\t\t\t\n\t\t\t\t\n\t\t\t\t\n\t\t\t\t\n\t\t\t\t<div class=\"et_pb_module_inner\">\n\t\t\t\t\t<div class=\"lwp-breadcrumbs\"> <span class=\"before\"><\/span> <span vocab=\"https:\/\/schema.org\/\" typeof=\"BreadcrumbList\"><span property=\"itemListElement\" typeof=\"ListItem\"><a property=\"item\" typeof=\"WebPage\" href=\"http:\/\/clinicaveterinariavalls.es\/en\/\" class=\"home\"><span property=\"name\">Home<\/span><\/a><meta property=\"position\" content=\"1\"><\/span> <span class=\"separator et-pb-icon\">&#x39;<\/span> <\/span><\/div>\n\t\t\t\t<\/div>\n\t\t\t<\/div>+34 941 51 92 60 +34 639 021 064clinica.veterinaria.valls@gmail.comParque San Miguel, 5, 26007 Logro\u00f1o, La Rioja, Espa\u00f1a.<\/p>","protected":false},"author":1,"featured_media":0,"parent":0,"menu_order":0,"comment_status":"closed","ping_status":"closed","template":"","meta":{"_et_pb_use_builder":"on","_et_pb_old_content":"<!-- wp:divi\/placeholder \/-->","_et_gb_content_width":"","footnotes":""},"class_list":["post-125","page","type-page","status-publish","hentry"],"yoast_head":"<!-- This site is optimized with the Yoast SEO plugin v26.8 - https:\/\/yoast.com\/product\/yoast-seo-wordpress\/ -->\n<title>Pide tu cita - Cl\u00ednica Veterinaria Valls<\/title>\n<meta name=\"robots\" content=\"index, follow, max-snippet:-1, max-image-preview:large, max-video-preview:-1\" \/>\n<link rel=\"canonical\" href=\"http:\/\/clinicaveterinariavalls.es\/en\/pide-tu-cita\/\" \/>\n<meta property=\"og:locale\" content=\"en_GB\" \/>\n<meta property=\"og:type\" content=\"article\" \/>\n<meta property=\"og:title\" content=\"Pide tu cita - Cl\u00ednica Veterinaria Valls\" \/>\n<meta property=\"og:description\" content=\"+34 941 51 92 60 +34 639 021 064clinica.veterinaria.valls@gmail.comParque San Miguel, 5, 26007 Logro\u00f1o, La Rioja, Espa\u00f1a.\" \/>\n<meta property=\"og:url\" content=\"http:\/\/clinicaveterinariavalls.es\/en\/pide-tu-cita\/\" \/>\n<meta property=\"og:site_name\" content=\"Cl\u00ednica Veterinaria Valls\" \/>\n<meta property=\"article:publisher\" content=\"https:\/\/www.facebook.com\/clinicaveterinariavalls\/?locale=es_ES\" \/>\n<meta property=\"article:modified_time\" content=\"2026-02-05T08:43:01+00:00\" \/>\n<meta property=\"og:image\" content=\"http:\/\/clinicaveterinariavalls.es\/wp-content\/uploads\/2023\/07\/photo_2023-05-09-11.31.40.jpeg\" \/>\n\t<meta property=\"og:image:width\" content=\"373\" \/>\n\t<meta property=\"og:image:height\" content=\"222\" \/>\n\t<meta property=\"og:image:type\" content=\"image\/jpeg\" \/>\n<meta name=\"twitter:card\" content=\"summary_large_image\" \/>\n<meta name=\"twitter:label1\" content=\"Estimated reading time\" \/>\n\t<meta name=\"twitter:data1\" content=\"9 minutes\" \/>\n<script type=\"application\/ld+json\" class=\"yoast-schema-graph\">{\"@context\":\"https:\/\/schema.org\",\"@graph\":[{\"@type\":\"WebPage\",\"@id\":\"http:\/\/clinicaveterinariavalls.es\/en\/pide-tu-cita\/\",\"url\":\"http:\/\/clinicaveterinariavalls.es\/en\/pide-tu-cita\/\",\"name\":\"Pide tu cita - Cl\u00ednica Veterinaria Valls\",\"isPartOf\":{\"@id\":\"http:\/\/clinicaveterinariavalls.es\/#website\"},\"datePublished\":\"2023-05-22T13:58:41+00:00\",\"dateModified\":\"2026-02-05T08:43:01+00:00\",\"breadcrumb\":{\"@id\":\"http:\/\/clinicaveterinariavalls.es\/en\/pide-tu-cita\/#breadcrumb\"},\"inLanguage\":\"en-GB\",\"potentialAction\":[{\"@type\":\"ReadAction\",\"target\":[\"http:\/\/clinicaveterinariavalls.es\/en\/pide-tu-cita\/\"]}]},{\"@type\":\"BreadcrumbList\",\"@id\":\"http:\/\/clinicaveterinariavalls.es\/en\/pide-tu-cita\/#breadcrumb\",\"itemListElement\":[{\"@type\":\"ListItem\",\"position\":1,\"name\":\"Portada\",\"item\":\"http:\/\/clinicaveterinariavalls.es\/en\/\"},{\"@type\":\"ListItem\",\"position\":2,\"name\":\"Pide tu cita\"}]},{\"@type\":\"WebSite\",\"@id\":\"http:\/\/clinicaveterinariavalls.es\/#website\",\"url\":\"http:\/\/clinicaveterinariavalls.es\/\",\"name\":\"Cl\u00ednica Veterinaria Valls en Logro\u00f1o\",\"description\":\"M\u00e1s de 20 a\u00f1os trabajando para las mascotas en Logro\u00f1o La Rioja\",\"publisher\":{\"@id\":\"http:\/\/clinicaveterinariavalls.es\/#organization\"},\"alternateName\":\"Cl\u00ednica Veterinaria\",\"potentialAction\":[{\"@type\":\"SearchAction\",\"target\":{\"@type\":\"EntryPoint\",\"urlTemplate\":\"http:\/\/clinicaveterinariavalls.es\/?s={search_term_string}\"},\"query-input\":{\"@type\":\"PropertyValueSpecification\",\"valueRequired\":true,\"valueName\":\"search_term_string\"}}],\"inLanguage\":\"en-GB\"},{\"@type\":\"Organization\",\"@id\":\"http:\/\/clinicaveterinariavalls.es\/#organization\",\"name\":\"Clinica Veterinaria Valls\",\"url\":\"http:\/\/clinicaveterinariavalls.es\/\",\"logo\":{\"@type\":\"ImageObject\",\"inLanguage\":\"en-GB\",\"@id\":\"http:\/\/clinicaveterinariavalls.es\/#\/schema\/logo\/image\/\",\"url\":\"https:\/\/clinicaveterinariavalls.es\/wp-content\/uploads\/2023\/07\/photo_2023-05-09-11.31.40.jpeg\",\"contentUrl\":\"https:\/\/clinicaveterinariavalls.es\/wp-content\/uploads\/2023\/07\/photo_2023-05-09-11.31.40.jpeg\",\"width\":373,\"height\":222,\"caption\":\"Clinica Veterinaria Valls\"},\"image\":{\"@id\":\"http:\/\/clinicaveterinariavalls.es\/#\/schema\/logo\/image\/\"},\"sameAs\":[\"https:\/\/www.facebook.com\/clinicaveterinariavalls\/?locale=es_ES\"]}]}<\/script>\n<!-- \/ Yoast SEO plugin. -->","yoast_head_json":{"title":"Pide tu cita - Cl\u00ednica Veterinaria Valls","robots":{"index":"index","follow":"follow","max-snippet":"max-snippet:-1","max-image-preview":"max-image-preview:large","max-video-preview":"max-video-preview:-1"},"canonical":"http:\/\/clinicaveterinariavalls.es\/en\/pide-tu-cita\/","og_locale":"en_GB","og_type":"article","og_title":"Pide tu cita - Cl\u00ednica Veterinaria Valls","og_description":"+34 941 51 92 60 +34 639 021 064clinica.veterinaria.valls@gmail.comParque San Miguel, 5, 26007 Logro\u00f1o, La Rioja, Espa\u00f1a.","og_url":"http:\/\/clinicaveterinariavalls.es\/en\/pide-tu-cita\/","og_site_name":"Cl\u00ednica Veterinaria Valls","article_publisher":"https:\/\/www.facebook.com\/clinicaveterinariavalls\/?locale=es_ES","article_modified_time":"2026-02-05T08:43:01+00:00","og_image":[{"width":373,"height":222,"url":"http:\/\/clinicaveterinariavalls.es\/wp-content\/uploads\/2023\/07\/photo_2023-05-09-11.31.40.jpeg","type":"image\/jpeg"}],"twitter_card":"summary_large_image","twitter_misc":{"Estimated reading time":"9 minutes"},"schema":{"@context":"https:\/\/schema.org","@graph":[{"@type":"WebPage","@id":"http:\/\/clinicaveterinariavalls.es\/en\/pide-tu-cita\/","url":"http:\/\/clinicaveterinariavalls.es\/en\/pide-tu-cita\/","name":"Pide tu cita - Cl\u00ednica Veterinaria Valls","isPartOf":{"@id":"http:\/\/clinicaveterinariavalls.es\/#website"},"datePublished":"2023-05-22T13:58:41+00:00","dateModified":"2026-02-05T08:43:01+00:00","breadcrumb":{"@id":"http:\/\/clinicaveterinariavalls.es\/en\/pide-tu-cita\/#breadcrumb"},"inLanguage":"en-GB","potentialAction":[{"@type":"ReadAction","target":["http:\/\/clinicaveterinariavalls.es\/en\/pide-tu-cita\/"]}]},{"@type":"BreadcrumbList","@id":"http:\/\/clinicaveterinariavalls.es\/en\/pide-tu-cita\/#breadcrumb","itemListElement":[{"@type":"ListItem","position":1,"name":"Portada","item":"http:\/\/clinicaveterinariavalls.es\/en\/"},{"@type":"ListItem","position":2,"name":"Pide tu cita"}]},{"@type":"WebSite","@id":"http:\/\/clinicaveterinariavalls.es\/#website","url":"http:\/\/clinicaveterinariavalls.es\/","name":"Cl\u00ednica Veterinaria Valls en Logro\u00f1o","description":"M\u00e1s de 20 a\u00f1os trabajando para las mascotas en Logro\u00f1o La Rioja","publisher":{"@id":"http:\/\/clinicaveterinariavalls.es\/#organization"},"alternateName":"Cl\u00ednica Veterinaria","potentialAction":[{"@type":"SearchAction","target":{"@type":"EntryPoint","urlTemplate":"http:\/\/clinicaveterinariavalls.es\/?s={search_term_string}"},"query-input":{"@type":"PropertyValueSpecification","valueRequired":true,"valueName":"search_term_string"}}],"inLanguage":"en-GB"},{"@type":"Organization","@id":"http:\/\/clinicaveterinariavalls.es\/#organization","name":"Clinica Veterinaria Valls","url":"http:\/\/clinicaveterinariavalls.es\/","logo":{"@type":"ImageObject","inLanguage":"en-GB","@id":"http:\/\/clinicaveterinariavalls.es\/#\/schema\/logo\/image\/","url":"https:\/\/clinicaveterinariavalls.es\/wp-content\/uploads\/2023\/07\/photo_2023-05-09-11.31.40.jpeg","contentUrl":"https:\/\/clinicaveterinariavalls.es\/wp-content\/uploads\/2023\/07\/photo_2023-05-09-11.31.40.jpeg","width":373,"height":222,"caption":"Clinica Veterinaria Valls"},"image":{"@id":"http:\/\/clinicaveterinariavalls.es\/#\/schema\/logo\/image\/"},"sameAs":["https:\/\/www.facebook.com\/clinicaveterinariavalls\/?locale=es_ES"]}]}},"_links":{"self":[{"href":"http:\/\/clinicaveterinariavalls.es\/en\/wp-json\/wp\/v2\/pages\/125","targetHints":{"allow":["GET"]}}],"collection":[{"href":"http:\/\/clinicaveterinariavalls.es\/en\/wp-json\/wp\/v2\/pages"}],"about":[{"href":"http:\/\/clinicaveterinariavalls.es\/en\/wp-json\/wp\/v2\/types\/page"}],"author":[{"embeddable":true,"href":"http:\/\/clinicaveterinariavalls.es\/en\/wp-json\/wp\/v2\/users\/1"}],"replies":[{"embeddable":true,"href":"http:\/\/clinicaveterinariavalls.es\/en\/wp-json\/wp\/v2\/comments?post=125"}],"version-history":[{"count":6,"href":"http:\/\/clinicaveterinariavalls.es\/en\/wp-json\/wp\/v2\/pages\/125\/revisions"}],"predecessor-version":[{"id":730,"href":"http:\/\/clinicaveterinariavalls.es\/en\/wp-json\/wp\/v2\/pages\/125\/revisions\/730"}],"wp:attachment":[{"href":"http:\/\/clinicaveterinariavalls.es\/en\/wp-json\/wp\/v2\/media?parent=125"}],"curies":[{"name":"wp","href":"https:\/\/api.w.org\/{rel}","templated":true}]}}