{"id":456,"date":"2023-11-27T09:34:49","date_gmt":"2023-11-27T09:34:49","guid":{"rendered":"https:\/\/clinicaveterinariavalls.es\/?page_id=456"},"modified":"2023-11-27T09:43:18","modified_gmt":"2023-11-27T09:43:18","slug":"politica-de-cookies","status":"publish","type":"page","link":"http:\/\/clinicaveterinariavalls.es\/en\/politica-de-cookies\/","title":{"rendered":"Pol\u00edtica de Cookies"},"content":{"rendered":"<p>[et_pb_section fb_built=\u00bb1&#8243; custom_padding_last_edited=\u00bbon|phone\u00bb _builder_version=\u00bb4.22.1&#8243; _module_preset=\u00bbdefault\u00bb background_color=\u00bbgcid-8323165f-da91-4be0-b31b-381a5027f40d\u00bb use_background_color_gradient=\u00bbon\u00bb background_color_gradient_stops=\u00bbrgba(108,37,82,0.6) 0%|rgba(108,37,82,0.6) 100%\u00bb background_color_gradient_overlays_image=\u00bbon\u00bb background_image=\u00bbhttp:\/\/clinicaveterinariavalls.es\/wp-content\/uploads\/2023\/11\/IMG_5905-scaled.jpg\u00bb custom_padding=\u00bb100px||100px||true|false\u00bb custom_padding_tablet=\u00bb100px||100px||true|false\u00bb custom_padding_phone=\u00bb70px||70px||true|false\u00bb locked=\u00bboff\u00bb global_colors_info=\u00bb{%22gcid-8323165f-da91-4be0-b31b-381a5027f40d%22:%91%22background_color%22,%22background_color_gradient_stops%22%93}\u00bb][et_pb_row _builder_version=\u00bb4.21.0&#8243; _module_preset=\u00bbdefault\u00bb global_colors_info=\u00bb{}\u00bb][et_pb_column type=\u00bb4_4&#8243; _builder_version=\u00bb4.21.0&#8243; _module_preset=\u00bbdefault\u00bb global_colors_info=\u00bb{}\u00bb][et_pb_text _builder_version=\u00bb4.21.0&#8243; _dynamic_attributes=\u00bbcontent\u00bb _module_preset=\u00bbdefault\u00bb header_text_color=\u00bb#FFFFFF\u00bb header_font_size=\u00bb66px\u00bb custom_margin=\u00bb||1px||false|false\u00bb custom_margin_tablet=\u00bb||0px||false|false\u00bb custom_margin_phone=\u00bb||0px||false|false\u00bb custom_margin_last_edited=\u00bbon|tablet\u00bb header_font_size_tablet=\u00bb52px\u00bb header_font_size_phone=\u00bb40px\u00bb global_colors_info=\u00bb{}\u00bb]@ET-DC@eyJkeW5hbWljIjp0cnVlLCJjb250ZW50IjoicG9zdF90aXRsZSIsInNldHRpbmdzIjp7ImJlZm9yZSI6IjxoMT4iLCJhZnRlciI6IjwvaDE+In19@[\/et_pb_text][lwp_divi_breadcrumbs use_before_icon=\u00bbon\u00bb link_color=\u00bb#FFFFFF\u00bb separator_color=\u00bb#FFFFFF\u00bb current_text_color=\u00bb#FFFFFF\u00bb _builder_version=\u00bb4.21.0&#8243; _module_preset=\u00bbdefault\u00bb module_font=\u00bbKarla||||||||\u00bb module_text_color=\u00bb#FFFFFF\u00bb module_font_size=\u00bb16px\u00bb module_line_height=\u00bb1.8em\u00bb text_orientation=\u00bbleft\u00bb global_colors_info=\u00bb{}\u00bb][\/lwp_divi_breadcrumbs][\/et_pb_column][\/et_pb_row][\/et_pb_section][et_pb_section fb_built=\u00bb1&#8243; admin_label=\u00bbsection\u00bb _builder_version=\u00bb4.21.0&#8243; custom_padding=\u00bb30px||30px||true|false\u00bb locked=\u00bboff\u00bb global_colors_info=\u00bb{}\u00bb][et_pb_row admin_label=\u00bbrow\u00bb _builder_version=\u00bb4.16&#8243; background_size=\u00bbinitial\u00bb background_position=\u00bbtop_left\u00bb background_repeat=\u00bbrepeat\u00bb global_colors_info=\u00bb{}\u00bb][et_pb_column type=\u00bb4_4&#8243; _builder_version=\u00bb4.16&#8243; custom_padding=\u00bb|||\u00bb global_colors_info=\u00bb{}\u00bb custom_padding__hover=\u00bb|||\u00bb][et_pb_text admin_label=\u00bbText\u00bb _builder_version=\u00bb4.22.1&#8243; header_3_text_color=\u00bbgcid-bd61a045-8320-439b-831d-8ec105c3fb0c\u00bb background_size=\u00bbinitial\u00bb background_position=\u00bbtop_left\u00bb background_repeat=\u00bbrepeat\u00bb global_colors_info=\u00bb{%22gcid-bd61a045-8320-439b-831d-8ec105c3fb0c%22:%91%22text_text_color%22,%22header_2_text_color%22,%22header_3_text_color%22%93,%22gcid-1ace7f53-403b-4f2e-bba5-1f5759a9be8a%22:%91%22link_text_color%22%93}\u00bb]<\/p>\n<p>Una<em>\u00a0cookie<\/em>\u00a0es un peque\u00f1o fichero de texto que se almacena en su navegador cuando visita casi cualquier p\u00e1gina web. Su utilidad es que la web sea capaz de recordar su visita cuando vuelva a navegar por esa p\u00e1gina. Las\u00a0<em>cookies<\/em>\u00a0suelen almacenar informaci\u00f3n de car\u00e1cter t\u00e9cnico, preferencias personales, personalizaci\u00f3n de contenidos, estad\u00edsticas de uso, enlaces a redes sociales, acceso a cuentas de usuario, etc. El objetivo de la\u00a0<em>cookie\u00a0<\/em>es adaptar el contenido de la web a su perfil y necesidades, sin\u00a0cookies\u00a0los servicios ofrecidos por cualquier p\u00e1gina se ver\u00edan mermados notablemente. Si desea consultar m\u00e1s informaci\u00f3n sobre qu\u00e9 son las\u00a0<em>cookies<\/em>, qu\u00e9 almacenan, c\u00f3mo eliminarlas, desactivarlas, etc.,<\/p>\n<p>&nbsp;<\/p>\n<h3><strong>Cookies utilizadas en este sitio web<\/strong><\/h3>\n<p>Siguiendo las directrices de la Agencia Espa\u00f1ola de Protecci\u00f3n de Datos procedemos a detallar el uso de\u00a0<em>cookies<\/em>\u00a0que hace esta web con el fin de informarle con la m\u00e1xima exactitud posible.<\/p>\n<p>Este sitio web utiliza las siguientes\u00a0<strong>cookies propias:<\/strong><\/p>\n<ul>\n<li>Cookies de sesi\u00f3n, para garantizar que los usuarios que escriban comentarios en el blog sean humanos y no aplicaciones automatizadas. De esta forma se combate el\u00a0spam.<\/li>\n<\/ul>\n<p>Este sitio web utiliza las siguientes\u00a0<strong>cookies de terceros:<\/strong><\/p>\n<ul>\n<li>Google Analytics: Almacena\u00a0cookies\u00a0para poder elaborar estad\u00edsticas sobre el tr\u00e1fico y volumen de visitas de esta web. Al utilizar este sitio web est\u00e1 consintiendo el tratamiento de informaci\u00f3n acerca de usted por Google. Por tanto, el ejercicio de cualquier derecho en este sentido deber\u00e1 hacerlo comunicando directamente con Google.<\/li>\n<li>Redes sociales: Cada red social utiliza sus propias\u00a0cookies\u00a0para que usted pueda pinchar en botones del tipo\u00a0<em>Me gusta\u00a0o\u00a0Compartir.<\/em><\/li>\n<\/ul>\n<p><em><\/em><\/p>\n<p><em><\/em><\/p>\n<h3>Desactivaci\u00f3n o eliminaci\u00f3n de cookies<\/h3>\n<p>En cualquier momento podr\u00e1 ejercer su derecho de desactivaci\u00f3n o eliminaci\u00f3n de cookies de este sitio web. Estas acciones se realizan de forma diferente en funci\u00f3n del navegador que est\u00e9 usando.<\/p>\n<p>&nbsp;<\/p>\n<h3>Notas adicionales<\/h3>\n<ul>\n<li>Ni esta web ni sus representantes legales se hacen responsables ni del contenido ni de la veracidad de las pol\u00edticas de privacidad que puedan tener los terceros mencionados en esta pol\u00edtica de\u00a0cookies.<\/li>\n<li>Los navegadores web son las herramientas encargadas de almacenar las\u00a0cookies\u00a0y desde este lugar debe efectuar su derecho a eliminaci\u00f3n o desactivaci\u00f3n de las mismas. Ni esta web ni sus representantes legales pueden garantizar la correcta o incorrecta manipulaci\u00f3n de las\u00a0cookies\u00a0por parte de los mencionados navegadores.<\/li>\n<li>En algunos casos es necesario instalar\u00a0cookies\u00a0para que el navegador no olvide su decisi\u00f3n de no aceptaci\u00f3n de las mismas.<\/li>\n<li>En el caso de las\u00a0cookies\u00a0de Google Analytics, esta empresa almacena las\u00a0cookies\u00a0en servidores ubicados en Estados Unidos y se compromete a no compartirla con terceros, excepto en los casos en los que sea necesario para el funcionamiento del sistema o cuando la ley obligue a tal efecto. Seg\u00fan Google no guarda su direcci\u00f3n IP. Google Inc. es una compa\u00f1\u00eda adherida al Acuerdo de Puerto Seguro que garantiza que todos los datos transferidos ser\u00e1n tratados con un nivel de protecci\u00f3n acorde a la normativa europea. Puede consultar informaci\u00f3n detallada a este respecto\u00a0<a href=\"http:\/\/safeharbor.export.gov\/companyinfo.aspx?id=16626\">en este enlace<\/a>. Si desea informaci\u00f3n sobre el uso que Google da a las cookies\u00a0le adjuntamos<a href=\"https:\/\/developers.google.com\/analytics\/devguides\/collection\/analyticsjs\/cookie-usage?hl=es&amp;csw=1\"><span>\u00a0<\/span>este otro enlace.<\/a><\/li>\n<li>Para cualquier duda o consulta acerca de esta pol\u00edtica de\u00a0cookies\u00a0no dude en comunicarse con nosotros a trav\u00e9s de la secci\u00f3n de contacto.<\/li>\n<\/ul>\n<p><!-- \/divi:paragraph --><\/p>\n<p>[\/et_pb_text][\/et_pb_column][\/et_pb_row][\/et_pb_section]<\/p>\n","protected":false},"excerpt":{"rendered":"<p><div class=\"et_pb_module lwp_divi_breadcrumbs lwp_divi_breadcrumbs_0\">\n\t\t\t\t\n\t\t\t\t\n\t\t\t\t\n\t\t\t\t\n\t\t\t\t\n\t\t\t\t\n\t\t\t\t<div class=\"et_pb_module_inner\">\n\t\t\t\t\t<div class=\"lwp-breadcrumbs\"> <span class=\"before\"><\/span> <span vocab=\"https:\/\/schema.org\/\" typeof=\"BreadcrumbList\"><span property=\"itemListElement\" typeof=\"ListItem\"><a property=\"item\" typeof=\"WebPage\" href=\"http:\/\/clinicaveterinariavalls.es\/en\/\" class=\"home\"><span property=\"name\">Home<\/span><\/a><meta property=\"position\" content=\"1\"><\/span> <span class=\"separator et-pb-icon\">&amp;#x39;<\/span> <\/span><\/div>\n\t\t\t\t<\/div>\n\t\t\t<\/div>Una\u00a0cookie\u00a0es un peque\u00f1o fichero de texto que se almacena en su navegador cuando visita casi cualquier p\u00e1gina web. Su utilidad es que la web sea capaz de recordar su visita cuando vuelva a navegar por esa p\u00e1gina. Las\u00a0cookies\u00a0suelen almacenar informaci\u00f3n de car\u00e1cter t\u00e9cnico, [&hellip;]<\/p>\n","protected":false},"author":1,"featured_media":0,"parent":0,"menu_order":0,"comment_status":"closed","ping_status":"closed","template":"","meta":{"_et_pb_use_builder":"on","_et_pb_old_content":"","_et_gb_content_width":"","footnotes":""},"class_list":["post-456","page","type-page","status-publish","hentry"],"yoast_head":"<!-- This site is optimized with the Yoast SEO plugin v27.5 - https:\/\/yoast.com\/product\/yoast-seo-wordpress\/ -->\n<title>Pol\u00edtica de Cookies - Cl&iacute;nica Veterinaria Valls<\/title>\n<meta name=\"robots\" content=\"index, follow, max-snippet:-1, max-image-preview:large, max-video-preview:-1\" \/>\n<link rel=\"canonical\" href=\"http:\/\/clinicaveterinariavalls.es\/en\/politica-de-cookies\/\" \/>\n<meta property=\"og:locale\" content=\"en_GB\" \/>\n<meta property=\"og:type\" content=\"article\" \/>\n<meta property=\"og:title\" content=\"Pol\u00edtica de Cookies - Cl&iacute;nica Veterinaria Valls\" \/>\n<meta property=\"og:description\" content=\"Una\u00a0cookie\u00a0es un peque\u00f1o fichero de texto que se almacena en su navegador cuando visita casi cualquier p\u00e1gina web. Su utilidad es que la web sea capaz de recordar su visita cuando vuelva a navegar por esa p\u00e1gina. Las\u00a0cookies\u00a0suelen almacenar informaci\u00f3n de car\u00e1cter t\u00e9cnico, [&hellip;]\" \/>\n<meta property=\"og:url\" content=\"http:\/\/clinicaveterinariavalls.es\/en\/politica-de-cookies\/\" \/>\n<meta property=\"og:site_name\" content=\"Cl&iacute;nica Veterinaria Valls\" \/>\n<meta property=\"article:publisher\" content=\"https:\/\/www.facebook.com\/clinicaveterinariavalls\/?locale=es_ES\" \/>\n<meta property=\"article:modified_time\" content=\"2023-11-27T09:43:18+00:00\" \/>\n<meta property=\"og:image\" content=\"http:\/\/clinicaveterinariavalls.es\/wp-content\/uploads\/2023\/07\/photo_2023-05-09-11.31.40.jpeg\" \/>\n\t<meta property=\"og:image:width\" content=\"373\" \/>\n\t<meta property=\"og:image:height\" content=\"222\" \/>\n\t<meta property=\"og:image:type\" content=\"image\/jpeg\" \/>\n<meta name=\"twitter:card\" content=\"summary_large_image\" \/>\n<script type=\"application\/ld+json\" class=\"yoast-schema-graph\">{\"@context\":\"https:\\\/\\\/schema.org\",\"@graph\":[{\"@type\":\"WebPage\",\"@id\":\"http:\\\/\\\/clinicaveterinariavalls.es\\\/en\\\/politica-de-cookies\\\/\",\"url\":\"http:\\\/\\\/clinicaveterinariavalls.es\\\/en\\\/politica-de-cookies\\\/\",\"name\":\"Pol\u00edtica de Cookies - Cl&iacute;nica Veterinaria Valls\",\"isPartOf\":{\"@id\":\"http:\\\/\\\/clinicaveterinariavalls.es\\\/#website\"},\"datePublished\":\"2023-11-27T09:34:49+00:00\",\"dateModified\":\"2023-11-27T09:43:18+00:00\",\"breadcrumb\":{\"@id\":\"http:\\\/\\\/clinicaveterinariavalls.es\\\/en\\\/politica-de-cookies\\\/#breadcrumb\"},\"inLanguage\":\"en-GB\",\"potentialAction\":[{\"@type\":\"ReadAction\",\"target\":[\"http:\\\/\\\/clinicaveterinariavalls.es\\\/en\\\/politica-de-cookies\\\/\"]}]},{\"@type\":\"BreadcrumbList\",\"@id\":\"http:\\\/\\\/clinicaveterinariavalls.es\\\/en\\\/politica-de-cookies\\\/#breadcrumb\",\"itemListElement\":[{\"@type\":\"ListItem\",\"position\":1,\"name\":\"Portada\",\"item\":\"http:\\\/\\\/clinicaveterinariavalls.es\\\/\"},{\"@type\":\"ListItem\",\"position\":2,\"name\":\"Pol\u00edtica de Cookies\"}]},{\"@type\":\"WebSite\",\"@id\":\"http:\\\/\\\/clinicaveterinariavalls.es\\\/#website\",\"url\":\"http:\\\/\\\/clinicaveterinariavalls.es\\\/\",\"name\":\"Cl\u00ednica Veterinaria Valls en Logro\u00f1o\",\"description\":\"M&aacute;s de 20 a&ntilde;os trabajando para las mascotas en Logro&ntilde;o La Rioja\",\"publisher\":{\"@id\":\"http:\\\/\\\/clinicaveterinariavalls.es\\\/#organization\"},\"alternateName\":\"Cl\u00ednica Veterinaria\",\"potentialAction\":[{\"@type\":\"SearchAction\",\"target\":{\"@type\":\"EntryPoint\",\"urlTemplate\":\"http:\\\/\\\/clinicaveterinariavalls.es\\\/?s={search_term_string}\"},\"query-input\":{\"@type\":\"PropertyValueSpecification\",\"valueRequired\":true,\"valueName\":\"search_term_string\"}}],\"inLanguage\":\"en-GB\"},{\"@type\":\"Organization\",\"@id\":\"http:\\\/\\\/clinicaveterinariavalls.es\\\/#organization\",\"name\":\"Clinica Veterinaria Valls\",\"url\":\"http:\\\/\\\/clinicaveterinariavalls.es\\\/\",\"logo\":{\"@type\":\"ImageObject\",\"inLanguage\":\"en-GB\",\"@id\":\"http:\\\/\\\/clinicaveterinariavalls.es\\\/#\\\/schema\\\/logo\\\/image\\\/\",\"url\":\"https:\\\/\\\/clinicaveterinariavalls.es\\\/wp-content\\\/uploads\\\/2023\\\/07\\\/photo_2023-05-09-11.31.40.jpeg\",\"contentUrl\":\"https:\\\/\\\/clinicaveterinariavalls.es\\\/wp-content\\\/uploads\\\/2023\\\/07\\\/photo_2023-05-09-11.31.40.jpeg\",\"width\":373,\"height\":222,\"caption\":\"Clinica Veterinaria Valls\"},\"image\":{\"@id\":\"http:\\\/\\\/clinicaveterinariavalls.es\\\/#\\\/schema\\\/logo\\\/image\\\/\"},\"sameAs\":[\"https:\\\/\\\/www.facebook.com\\\/clinicaveterinariavalls\\\/?locale=es_ES\"]}]}<\/script>\n<!-- \/ Yoast SEO plugin. -->","yoast_head_json":{"title":"Pol\u00edtica de Cookies - Cl&iacute;nica Veterinaria Valls","robots":{"index":"index","follow":"follow","max-snippet":"max-snippet:-1","max-image-preview":"max-image-preview:large","max-video-preview":"max-video-preview:-1"},"canonical":"http:\/\/clinicaveterinariavalls.es\/en\/politica-de-cookies\/","og_locale":"en_GB","og_type":"article","og_title":"Pol\u00edtica de Cookies - Cl&iacute;nica Veterinaria Valls","og_description":"Una\u00a0cookie\u00a0es un peque\u00f1o fichero de texto que se almacena en su navegador cuando visita casi cualquier p\u00e1gina web. Su utilidad es que la web sea capaz de recordar su visita cuando vuelva a navegar por esa p\u00e1gina. Las\u00a0cookies\u00a0suelen almacenar informaci\u00f3n de car\u00e1cter t\u00e9cnico, [&hellip;]","og_url":"http:\/\/clinicaveterinariavalls.es\/en\/politica-de-cookies\/","og_site_name":"Cl&iacute;nica Veterinaria Valls","article_publisher":"https:\/\/www.facebook.com\/clinicaveterinariavalls\/?locale=es_ES","article_modified_time":"2023-11-27T09:43:18+00:00","og_image":[{"width":373,"height":222,"url":"http:\/\/clinicaveterinariavalls.es\/wp-content\/uploads\/2023\/07\/photo_2023-05-09-11.31.40.jpeg","type":"image\/jpeg"}],"twitter_card":"summary_large_image","schema":{"@context":"https:\/\/schema.org","@graph":[{"@type":"WebPage","@id":"http:\/\/clinicaveterinariavalls.es\/en\/politica-de-cookies\/","url":"http:\/\/clinicaveterinariavalls.es\/en\/politica-de-cookies\/","name":"Pol\u00edtica de Cookies - Cl&iacute;nica Veterinaria Valls","isPartOf":{"@id":"http:\/\/clinicaveterinariavalls.es\/#website"},"datePublished":"2023-11-27T09:34:49+00:00","dateModified":"2023-11-27T09:43:18+00:00","breadcrumb":{"@id":"http:\/\/clinicaveterinariavalls.es\/en\/politica-de-cookies\/#breadcrumb"},"inLanguage":"en-GB","potentialAction":[{"@type":"ReadAction","target":["http:\/\/clinicaveterinariavalls.es\/en\/politica-de-cookies\/"]}]},{"@type":"BreadcrumbList","@id":"http:\/\/clinicaveterinariavalls.es\/en\/politica-de-cookies\/#breadcrumb","itemListElement":[{"@type":"ListItem","position":1,"name":"Portada","item":"http:\/\/clinicaveterinariavalls.es\/"},{"@type":"ListItem","position":2,"name":"Pol\u00edtica de Cookies"}]},{"@type":"WebSite","@id":"http:\/\/clinicaveterinariavalls.es\/#website","url":"http:\/\/clinicaveterinariavalls.es\/","name":"Cl\u00ednica Veterinaria Valls en Logro\u00f1o","description":"M&aacute;s de 20 a&ntilde;os trabajando para las mascotas en Logro&ntilde;o La Rioja","publisher":{"@id":"http:\/\/clinicaveterinariavalls.es\/#organization"},"alternateName":"Cl\u00ednica Veterinaria","potentialAction":[{"@type":"SearchAction","target":{"@type":"EntryPoint","urlTemplate":"http:\/\/clinicaveterinariavalls.es\/?s={search_term_string}"},"query-input":{"@type":"PropertyValueSpecification","valueRequired":true,"valueName":"search_term_string"}}],"inLanguage":"en-GB"},{"@type":"Organization","@id":"http:\/\/clinicaveterinariavalls.es\/#organization","name":"Clinica Veterinaria Valls","url":"http:\/\/clinicaveterinariavalls.es\/","logo":{"@type":"ImageObject","inLanguage":"en-GB","@id":"http:\/\/clinicaveterinariavalls.es\/#\/schema\/logo\/image\/","url":"https:\/\/clinicaveterinariavalls.es\/wp-content\/uploads\/2023\/07\/photo_2023-05-09-11.31.40.jpeg","contentUrl":"https:\/\/clinicaveterinariavalls.es\/wp-content\/uploads\/2023\/07\/photo_2023-05-09-11.31.40.jpeg","width":373,"height":222,"caption":"Clinica Veterinaria Valls"},"image":{"@id":"http:\/\/clinicaveterinariavalls.es\/#\/schema\/logo\/image\/"},"sameAs":["https:\/\/www.facebook.com\/clinicaveterinariavalls\/?locale=es_ES"]}]}},"_links":{"self":[{"href":"http:\/\/clinicaveterinariavalls.es\/en\/wp-json\/wp\/v2\/pages\/456","targetHints":{"allow":["GET"]}}],"collection":[{"href":"http:\/\/clinicaveterinariavalls.es\/en\/wp-json\/wp\/v2\/pages"}],"about":[{"href":"http:\/\/clinicaveterinariavalls.es\/en\/wp-json\/wp\/v2\/types\/page"}],"author":[{"embeddable":true,"href":"http:\/\/clinicaveterinariavalls.es\/en\/wp-json\/wp\/v2\/users\/1"}],"replies":[{"embeddable":true,"href":"http:\/\/clinicaveterinariavalls.es\/en\/wp-json\/wp\/v2\/comments?post=456"}],"version-history":[{"count":4,"href":"http:\/\/clinicaveterinariavalls.es\/en\/wp-json\/wp\/v2\/pages\/456\/revisions"}],"predecessor-version":[{"id":467,"href":"http:\/\/clinicaveterinariavalls.es\/en\/wp-json\/wp\/v2\/pages\/456\/revisions\/467"}],"wp:attachment":[{"href":"http:\/\/clinicaveterinariavalls.es\/en\/wp-json\/wp\/v2\/media?parent=456"}],"curies":[{"name":"wp","href":"https:\/\/api.w.org\/{rel}","templated":true}]}}