{"id":533,"date":"2023-12-10T22:04:59","date_gmt":"2023-12-10T22:04:59","guid":{"rendered":"https:\/\/clinicaveterinariavalls.es\/?page_id=533"},"modified":"2026-02-06T09:31:38","modified_gmt":"2026-02-06T09:31:38","slug":"galeria","status":"publish","type":"page","link":"http:\/\/clinicaveterinariavalls.es\/en\/galeria\/","title":{"rendered":"Galer\u00eda"},"content":{"rendered":"<p>[et_pb_section fb_built=\u00bb1&#8243; custom_padding_last_edited=\u00bbon|phone\u00bb _builder_version=\u00bb4.22.1&#8243; _module_preset=\u00bbdefault\u00bb background_color=\u00bbgcid-8323165f-da91-4be0-b31b-381a5027f40d\u00bb use_background_color_gradient=\u00bbon\u00bb background_color_gradient_stops=\u00bbrgba(108,37,82,0.6) 0%|rgba(108,37,82,0.6) 100%\u00bb background_color_gradient_overlays_image=\u00bbon\u00bb background_image=\u00bbhttp:\/\/clinicaveterinariavalls.es\/wp-content\/uploads\/2023\/11\/BLUE.jpeg\u00bb background_position=\u00bbbottom_center\u00bb background_vertical_offset=\u00bb85%\u00bb custom_padding=\u00bb100px||100px||true|false\u00bb custom_padding_tablet=\u00bb100px||100px||true|false\u00bb custom_padding_phone=\u00bb70px||70px||true|false\u00bb global_colors_info=\u00bb{%22gcid-8323165f-da91-4be0-b31b-381a5027f40d%22:%91%22background_color%22,%22background_color_gradient_stops%22%93}\u00bb][et_pb_row _builder_version=\u00bb4.21.0&#8243; _module_preset=\u00bbdefault\u00bb global_colors_info=\u00bb{}\u00bb][et_pb_column type=\u00bb4_4&#8243; _builder_version=\u00bb4.21.0&#8243; _module_preset=\u00bbdefault\u00bb global_colors_info=\u00bb{}\u00bb][et_pb_text _builder_version=\u00bb4.21.0&#8243; _dynamic_attributes=\u00bbcontent\u00bb _module_preset=\u00bbdefault\u00bb header_text_color=\u00bb#FFFFFF\u00bb header_font_size=\u00bb66px\u00bb custom_margin=\u00bb||1px||false|false\u00bb custom_margin_tablet=\u00bb||0px||false|false\u00bb custom_margin_phone=\u00bb||0px||false|false\u00bb custom_margin_last_edited=\u00bbon|tablet\u00bb header_font_size_tablet=\u00bb52px\u00bb header_font_size_phone=\u00bb40px\u00bb global_colors_info=\u00bb{}\u00bb]@ET-DC@eyJkeW5hbWljIjp0cnVlLCJjb250ZW50IjoicG9zdF90aXRsZSIsInNldHRpbmdzIjp7ImJlZm9yZSI6IjxoMT4iLCJhZnRlciI6IjwvaDE+In19@[\/et_pb_text][lwp_divi_breadcrumbs font_icon=\u00bb&#x39;||divi||400&#8243; use_before_icon=\u00bboff\u00bb link_color=\u00bb#FFFFFF\u00bb separator_color=\u00bb#FFFFFF\u00bb current_text_color=\u00bb#FFFFFF\u00bb _builder_version=\u00bb4.27.4&#8243; _module_preset=\u00bbdefault\u00bb module_font=\u00bbKarla||||||||\u00bb module_text_color=\u00bb#FFFFFF\u00bb module_font_size=\u00bb16px\u00bb module_line_height=\u00bb1.8em\u00bb text_orientation=\u00bbleft\u00bb global_colors_info=\u00bb{}\u00bb][\/lwp_divi_breadcrumbs][\/et_pb_column][\/et_pb_row][\/et_pb_section][et_pb_section fb_built=\u00bb1&#8243; disabled_on=\u00bboff|off|off\u00bb _builder_version=\u00bb4.21.0&#8243; _module_preset=\u00bbdefault\u00bb global_colors_info=\u00bb{}\u00bb][et_pb_row _builder_version=\u00bb4.21.0&#8243; _module_preset=\u00bbdefault\u00bb locked=\u00bboff\u00bb global_colors_info=\u00bb{}\u00bb][et_pb_column type=\u00bb4_4&#8243; _builder_version=\u00bb4.21.0&#8243; _module_preset=\u00bbdefault\u00bb global_colors_info=\u00bb{}\u00bb][et_pb_text _builder_version=\u00bb4.21.0&#8243; _module_preset=\u00bbdefault\u00bb text_orientation=\u00bbcenter\u00bb max_width=\u00bb720px\u00bb module_alignment=\u00bbcenter\u00bb border_radii=\u00bbon|10px|10px|10px|10px\u00bb locked=\u00bboff\u00bb global_colors_info=\u00bb{%22gcid-1ace7f53-403b-4f2e-bba5-1f5759a9be8a%22:%91%22link_text_color%22,%22link_text_color%22,%22link_text_color%22%93,%22gcid-f53dd1ea-b6d1-44ff-a5ec-c6187927b908%22:%91%22header_3_text_color%22,%22header_3_text_color%22,%22header_3_text_color%22,%22header_3_text_color%22,%22header_3_text_color%22%93}\u00bb]<\/p>\n<h2>Conoce a nuestros pacientes<\/h2>\n<h2><\/h2>\n<p><span>Estas fotos reflejan nuestro compromiso con el cuidado y el bienestar de todos los animales que conf\u00edan en nosotros para su salud. Nuestra galer\u00eda de fotos muestra la diversidad de animales que han sido atendidos con amor y profesionalismo por nuestro equipo experto. \u00a1Vis\u00edtanos y descubre m\u00e1s sobre c\u00f3mo cuidamos a tus amigos peludos en nuestra cl\u00ednica veterinaria!<\/span><\/p>\n<p>[\/et_pb_text][\/et_pb_column][\/et_pb_row][et_pb_row _builder_version=\u00bb4.22.1&#8243; _module_preset=\u00bbdefault\u00bb global_colors_info=\u00bb{}\u00bb][et_pb_column type=\u00bb4_4&#8243; _builder_version=\u00bb4.21.0&#8243; _module_preset=\u00bbdefault\u00bb global_colors_info=\u00bb{}\u00bb][et_pb_gallery gallery_ids=\u00bb615,203,424,536,537,538,539,540,541,542,543,544,545,546,547,548,549,550,551,552,553,554,555,556,557,558,559,560,561,562,563,564,565,566,567,568,569,570,571,572,573,574,575,576,577,578,579,580,581,582,583,584,585,586,587,588,589,590,591&#8243; posts_number=\u00bb100&#8243; show_title_and_caption=\u00bboff\u00bb show_pagination=\u00bboff\u00bb _builder_version=\u00bb4.27.4&#8243; _module_preset=\u00bbdefault\u00bb hover_enabled=\u00bb0&#8243; global_colors_info=\u00bb{}\u00bb sticky_enabled=\u00bb0&#8243; orientation=\u00bbportrait\u00bb][\/et_pb_gallery][\/et_pb_column][\/et_pb_row][\/et_pb_section]<\/p>","protected":false},"excerpt":{"rendered":"<p><div class=\"et_pb_module lwp_divi_breadcrumbs lwp_divi_breadcrumbs_0\">\n\t\t\t\t\n\t\t\t\t\n\t\t\t\t\n\t\t\t\t\n\t\t\t\t\n\t\t\t\t\n\t\t\t\t<div class=\"et_pb_module_inner\">\n\t\t\t\t\t<div class=\"lwp-breadcrumbs\"> <span class=\"before\"><\/span> <span vocab=\"https:\/\/schema.org\/\" typeof=\"BreadcrumbList\"><span property=\"itemListElement\" typeof=\"ListItem\"><a property=\"item\" typeof=\"WebPage\" href=\"http:\/\/clinicaveterinariavalls.es\/en\/\" class=\"home\"><span property=\"name\">Home<\/span><\/a><meta property=\"position\" content=\"1\"><\/span> <span class=\"separator et-pb-icon\">&#x39;<\/span> <\/span><\/div>\n\t\t\t\t<\/div>\n\t\t\t<\/div>Conoce a nuestros pacientes Estas fotos reflejan nuestro compromiso con el cuidado y el bienestar de todos los animales que conf\u00edan en nosotros para su salud. Nuestra galer\u00eda de fotos muestra la diversidad de animales que han sido atendidos con amor y [&hellip;]<\/p>","protected":false},"author":1,"featured_media":0,"parent":0,"menu_order":0,"comment_status":"closed","ping_status":"closed","template":"","meta":{"_et_pb_use_builder":"on","_et_pb_old_content":"","_et_gb_content_width":"","footnotes":""},"class_list":["post-533","page","type-page","status-publish","hentry"],"yoast_head":"<!-- This site is optimized with the Yoast SEO plugin v26.8 - https:\/\/yoast.com\/product\/yoast-seo-wordpress\/ -->\n<title>Galer\u00eda - Cl\u00ednica Veterinaria Valls<\/title>\n<meta name=\"robots\" content=\"index, follow, max-snippet:-1, max-image-preview:large, max-video-preview:-1\" \/>\n<link rel=\"canonical\" href=\"https:\/\/clinicaveterinariavalls.es\/en\/galeria\/\" \/>\n<meta property=\"og:locale\" content=\"en_GB\" \/>\n<meta property=\"og:type\" content=\"article\" \/>\n<meta property=\"og:title\" content=\"Galer\u00eda - Cl\u00ednica Veterinaria Valls\" \/>\n<meta property=\"og:description\" content=\"Conoce a nuestros pacientes Estas fotos reflejan nuestro compromiso con el cuidado y el bienestar de todos los animales que conf\u00edan en nosotros para su salud. Nuestra galer\u00eda de fotos muestra la diversidad de animales que han sido atendidos con amor y [&hellip;]\" \/>\n<meta property=\"og:url\" content=\"https:\/\/clinicaveterinariavalls.es\/en\/galeria\/\" \/>\n<meta property=\"og:site_name\" content=\"Cl\u00ednica Veterinaria Valls\" \/>\n<meta property=\"article:publisher\" content=\"https:\/\/www.facebook.com\/clinicaveterinariavalls\/?locale=es_ES\" \/>\n<meta property=\"article:modified_time\" content=\"2026-02-06T09:31:38+00:00\" \/>\n<meta property=\"og:image\" content=\"http:\/\/clinicaveterinariavalls.es\/wp-content\/uploads\/2023\/07\/photo_2023-05-09-11.31.40.jpeg\" \/>\n\t<meta property=\"og:image:width\" content=\"373\" \/>\n\t<meta property=\"og:image:height\" content=\"222\" \/>\n\t<meta property=\"og:image:type\" content=\"image\/jpeg\" \/>\n<meta name=\"twitter:card\" content=\"summary_large_image\" \/>\n<script type=\"application\/ld+json\" class=\"yoast-schema-graph\">{\"@context\":\"https:\/\/schema.org\",\"@graph\":[{\"@type\":\"WebPage\",\"@id\":\"https:\/\/clinicaveterinariavalls.es\/en\/galeria\/\",\"url\":\"https:\/\/clinicaveterinariavalls.es\/en\/galeria\/\",\"name\":\"Galer\u00eda - Cl\u00ednica Veterinaria Valls\",\"isPartOf\":{\"@id\":\"https:\/\/clinicaveterinariavalls.es\/#website\"},\"datePublished\":\"2023-12-10T22:04:59+00:00\",\"dateModified\":\"2026-02-06T09:31:38+00:00\",\"breadcrumb\":{\"@id\":\"https:\/\/clinicaveterinariavalls.es\/en\/galeria\/#breadcrumb\"},\"inLanguage\":\"en-GB\",\"potentialAction\":[{\"@type\":\"ReadAction\",\"target\":[\"https:\/\/clinicaveterinariavalls.es\/en\/galeria\/\"]}]},{\"@type\":\"BreadcrumbList\",\"@id\":\"https:\/\/clinicaveterinariavalls.es\/en\/galeria\/#breadcrumb\",\"itemListElement\":[{\"@type\":\"ListItem\",\"position\":1,\"name\":\"Portada\",\"item\":\"https:\/\/clinicaveterinariavalls.es\/\"},{\"@type\":\"ListItem\",\"position\":2,\"name\":\"Galer\u00eda\"}]},{\"@type\":\"WebSite\",\"@id\":\"https:\/\/clinicaveterinariavalls.es\/#website\",\"url\":\"https:\/\/clinicaveterinariavalls.es\/\",\"name\":\"Cl\u00ednica Veterinaria Valls en Logro\u00f1o\",\"description\":\"M\u00e1s de 20 a\u00f1os trabajando para las mascotas en Logro\u00f1o La Rioja\",\"publisher\":{\"@id\":\"https:\/\/clinicaveterinariavalls.es\/#organization\"},\"alternateName\":\"Cl\u00ednica Veterinaria\",\"potentialAction\":[{\"@type\":\"SearchAction\",\"target\":{\"@type\":\"EntryPoint\",\"urlTemplate\":\"https:\/\/clinicaveterinariavalls.es\/?s={search_term_string}\"},\"query-input\":{\"@type\":\"PropertyValueSpecification\",\"valueRequired\":true,\"valueName\":\"search_term_string\"}}],\"inLanguage\":\"en-GB\"},{\"@type\":\"Organization\",\"@id\":\"https:\/\/clinicaveterinariavalls.es\/#organization\",\"name\":\"Clinica Veterinaria Valls\",\"url\":\"https:\/\/clinicaveterinariavalls.es\/\",\"logo\":{\"@type\":\"ImageObject\",\"inLanguage\":\"en-GB\",\"@id\":\"https:\/\/clinicaveterinariavalls.es\/#\/schema\/logo\/image\/\",\"url\":\"https:\/\/clinicaveterinariavalls.es\/wp-content\/uploads\/2023\/07\/photo_2023-05-09-11.31.40.jpeg\",\"contentUrl\":\"https:\/\/clinicaveterinariavalls.es\/wp-content\/uploads\/2023\/07\/photo_2023-05-09-11.31.40.jpeg\",\"width\":373,\"height\":222,\"caption\":\"Clinica Veterinaria Valls\"},\"image\":{\"@id\":\"https:\/\/clinicaveterinariavalls.es\/#\/schema\/logo\/image\/\"},\"sameAs\":[\"https:\/\/www.facebook.com\/clinicaveterinariavalls\/?locale=es_ES\"]}]}<\/script>\n<!-- \/ Yoast SEO plugin. -->","yoast_head_json":{"title":"Galer\u00eda - Cl\u00ednica Veterinaria Valls","robots":{"index":"index","follow":"follow","max-snippet":"max-snippet:-1","max-image-preview":"max-image-preview:large","max-video-preview":"max-video-preview:-1"},"canonical":"https:\/\/clinicaveterinariavalls.es\/en\/galeria\/","og_locale":"en_GB","og_type":"article","og_title":"Galer\u00eda - Cl\u00ednica Veterinaria Valls","og_description":"Conoce a nuestros pacientes Estas fotos reflejan nuestro compromiso con el cuidado y el bienestar de todos los animales que conf\u00edan en nosotros para su salud. Nuestra galer\u00eda de fotos muestra la diversidad de animales que han sido atendidos con amor y [&hellip;]","og_url":"https:\/\/clinicaveterinariavalls.es\/en\/galeria\/","og_site_name":"Cl\u00ednica Veterinaria Valls","article_publisher":"https:\/\/www.facebook.com\/clinicaveterinariavalls\/?locale=es_ES","article_modified_time":"2026-02-06T09:31:38+00:00","og_image":[{"width":373,"height":222,"url":"http:\/\/clinicaveterinariavalls.es\/wp-content\/uploads\/2023\/07\/photo_2023-05-09-11.31.40.jpeg","type":"image\/jpeg"}],"twitter_card":"summary_large_image","schema":{"@context":"https:\/\/schema.org","@graph":[{"@type":"WebPage","@id":"https:\/\/clinicaveterinariavalls.es\/en\/galeria\/","url":"https:\/\/clinicaveterinariavalls.es\/en\/galeria\/","name":"Galer\u00eda - Cl\u00ednica Veterinaria Valls","isPartOf":{"@id":"https:\/\/clinicaveterinariavalls.es\/#website"},"datePublished":"2023-12-10T22:04:59+00:00","dateModified":"2026-02-06T09:31:38+00:00","breadcrumb":{"@id":"https:\/\/clinicaveterinariavalls.es\/en\/galeria\/#breadcrumb"},"inLanguage":"en-GB","potentialAction":[{"@type":"ReadAction","target":["https:\/\/clinicaveterinariavalls.es\/en\/galeria\/"]}]},{"@type":"BreadcrumbList","@id":"https:\/\/clinicaveterinariavalls.es\/en\/galeria\/#breadcrumb","itemListElement":[{"@type":"ListItem","position":1,"name":"Portada","item":"https:\/\/clinicaveterinariavalls.es\/"},{"@type":"ListItem","position":2,"name":"Galer\u00eda"}]},{"@type":"WebSite","@id":"https:\/\/clinicaveterinariavalls.es\/#website","url":"https:\/\/clinicaveterinariavalls.es\/","name":"Cl\u00ednica Veterinaria Valls en Logro\u00f1o","description":"M\u00e1s de 20 a\u00f1os trabajando para las mascotas en Logro\u00f1o La Rioja","publisher":{"@id":"https:\/\/clinicaveterinariavalls.es\/#organization"},"alternateName":"Cl\u00ednica Veterinaria","potentialAction":[{"@type":"SearchAction","target":{"@type":"EntryPoint","urlTemplate":"https:\/\/clinicaveterinariavalls.es\/?s={search_term_string}"},"query-input":{"@type":"PropertyValueSpecification","valueRequired":true,"valueName":"search_term_string"}}],"inLanguage":"en-GB"},{"@type":"Organization","@id":"https:\/\/clinicaveterinariavalls.es\/#organization","name":"Clinica Veterinaria Valls","url":"https:\/\/clinicaveterinariavalls.es\/","logo":{"@type":"ImageObject","inLanguage":"en-GB","@id":"https:\/\/clinicaveterinariavalls.es\/#\/schema\/logo\/image\/","url":"https:\/\/clinicaveterinariavalls.es\/wp-content\/uploads\/2023\/07\/photo_2023-05-09-11.31.40.jpeg","contentUrl":"https:\/\/clinicaveterinariavalls.es\/wp-content\/uploads\/2023\/07\/photo_2023-05-09-11.31.40.jpeg","width":373,"height":222,"caption":"Clinica Veterinaria Valls"},"image":{"@id":"https:\/\/clinicaveterinariavalls.es\/#\/schema\/logo\/image\/"},"sameAs":["https:\/\/www.facebook.com\/clinicaveterinariavalls\/?locale=es_ES"]}]}},"_links":{"self":[{"href":"http:\/\/clinicaveterinariavalls.es\/en\/wp-json\/wp\/v2\/pages\/533","targetHints":{"allow":["GET"]}}],"collection":[{"href":"http:\/\/clinicaveterinariavalls.es\/en\/wp-json\/wp\/v2\/pages"}],"about":[{"href":"http:\/\/clinicaveterinariavalls.es\/en\/wp-json\/wp\/v2\/types\/page"}],"author":[{"embeddable":true,"href":"http:\/\/clinicaveterinariavalls.es\/en\/wp-json\/wp\/v2\/users\/1"}],"replies":[{"embeddable":true,"href":"http:\/\/clinicaveterinariavalls.es\/en\/wp-json\/wp\/v2\/comments?post=533"}],"version-history":[{"count":6,"href":"http:\/\/clinicaveterinariavalls.es\/en\/wp-json\/wp\/v2\/pages\/533\/revisions"}],"predecessor-version":[{"id":743,"href":"http:\/\/clinicaveterinariavalls.es\/en\/wp-json\/wp\/v2\/pages\/533\/revisions\/743"}],"wp:attachment":[{"href":"http:\/\/clinicaveterinariavalls.es\/en\/wp-json\/wp\/v2\/media?parent=533"}],"curies":[{"name":"wp","href":"https:\/\/api.w.org\/{rel}","templated":true}]}}