{"id":446,"date":"2023-11-27T09:23:37","date_gmt":"2023-11-27T09:23:37","guid":{"rendered":"https:\/\/clinicaveterinariavalls.es\/?page_id=446"},"modified":"2023-11-27T09:36:54","modified_gmt":"2023-11-27T09:36:54","slug":"declaracion-de-accesibilidad","status":"publish","type":"page","link":"https:\/\/clinicaveterinariavalls.es\/en\/declaracion-de-accesibilidad\/","title":{"rendered":"Declaraci\u00f3n de Accesibilidad"},"content":{"rendered":"<p>[et_pb_section fb_built=\u00bb1&#8243; custom_padding_last_edited=\u00bbon|phone\u00bb _builder_version=\u00bb4.22.1&#8243; _module_preset=\u00bbdefault\u00bb background_color=\u00bbgcid-8323165f-da91-4be0-b31b-381a5027f40d\u00bb use_background_color_gradient=\u00bbon\u00bb background_color_gradient_stops=\u00bbrgba(108,37,82,0.6) 0%|rgba(108,37,82,0.6) 100%\u00bb background_color_gradient_overlays_image=\u00bbon\u00bb background_image=\u00bbhttp:\/\/clinicaveterinariavalls.es\/wp-content\/uploads\/2023\/11\/IMG_5905-scaled.jpg\u00bb custom_padding=\u00bb100px||100px||true|false\u00bb custom_padding_tablet=\u00bb100px||100px||true|false\u00bb custom_padding_phone=\u00bb70px||70px||true|false\u00bb locked=\u00bboff\u00bb global_colors_info=\u00bb{%22gcid-8323165f-da91-4be0-b31b-381a5027f40d%22:%91%22background_color%22,%22background_color_gradient_stops%22%93}\u00bb][et_pb_row _builder_version=\u00bb4.21.0&#8243; _module_preset=\u00bbdefault\u00bb global_colors_info=\u00bb{}\u00bb][et_pb_column type=\u00bb4_4&#8243; _builder_version=\u00bb4.21.0&#8243; _module_preset=\u00bbdefault\u00bb global_colors_info=\u00bb{}\u00bb][et_pb_text _builder_version=\u00bb4.21.0&#8243; _dynamic_attributes=\u00bbcontent\u00bb _module_preset=\u00bbdefault\u00bb header_text_color=\u00bb#FFFFFF\u00bb header_font_size=\u00bb66px\u00bb custom_margin=\u00bb||1px||false|false\u00bb custom_margin_tablet=\u00bb||0px||false|false\u00bb custom_margin_phone=\u00bb||0px||false|false\u00bb custom_margin_last_edited=\u00bbon|tablet\u00bb header_font_size_tablet=\u00bb52px\u00bb header_font_size_phone=\u00bb40px\u00bb global_colors_info=\u00bb{}\u00bb]@ET-DC@eyJkeW5hbWljIjp0cnVlLCJjb250ZW50IjoicG9zdF90aXRsZSIsInNldHRpbmdzIjp7ImJlZm9yZSI6IjxoMT4iLCJhZnRlciI6IjwvaDE+In19@[\/et_pb_text][lwp_divi_breadcrumbs use_before_icon=\u00bbon\u00bb link_color=\u00bb#FFFFFF\u00bb separator_color=\u00bb#FFFFFF\u00bb current_text_color=\u00bb#FFFFFF\u00bb _builder_version=\u00bb4.21.0&#8243; _module_preset=\u00bbdefault\u00bb module_font=\u00bbKarla||||||||\u00bb module_text_color=\u00bb#FFFFFF\u00bb module_font_size=\u00bb16px\u00bb module_line_height=\u00bb1.8em\u00bb text_orientation=\u00bbleft\u00bb global_colors_info=\u00bb{}\u00bb][\/lwp_divi_breadcrumbs][\/et_pb_column][\/et_pb_row][\/et_pb_section][et_pb_section fb_built=\u00bb1&#8243; admin_label=\u00bbsection\u00bb _builder_version=\u00bb4.21.0&#8243; custom_padding=\u00bb30px||30px||true|false\u00bb locked=\u00bboff\u00bb global_colors_info=\u00bb{}\u00bb][et_pb_row admin_label=\u00bbrow\u00bb _builder_version=\u00bb4.16&#8243; background_size=\u00bbinitial\u00bb background_position=\u00bbtop_left\u00bb background_repeat=\u00bbrepeat\u00bb global_colors_info=\u00bb{}\u00bb][et_pb_column type=\u00bb4_4&#8243; _builder_version=\u00bb4.16&#8243; custom_padding=\u00bb|||\u00bb global_colors_info=\u00bb{}\u00bb custom_padding__hover=\u00bb|||\u00bb][et_pb_text admin_label=\u00bbText\u00bb _builder_version=\u00bb4.22.1&#8243; header_3_text_color=\u00bbgcid-bd61a045-8320-439b-831d-8ec105c3fb0c\u00bb background_size=\u00bbinitial\u00bb background_position=\u00bbtop_left\u00bb background_repeat=\u00bbrepeat\u00bb global_colors_info=\u00bb{%22gcid-bd61a045-8320-439b-831d-8ec105c3fb0c%22:%91%22text_text_color%22,%22header_2_text_color%22,%22header_3_text_color%22%93,%22gcid-1ace7f53-403b-4f2e-bba5-1f5759a9be8a%22:%91%22link_text_color%22%93}\u00bb]<!-- divi:heading --><\/p>\n<h2><b><span data-contrast=\"auto\"><\/span><\/b><\/h2>\n<p><span data-contrast=\"auto\">Alejandro Valls marco (Cl\u00ednica veterinaria Valls) como beneficiario de KIT DIGITAL\u202f se ha comprometido a hacer accesible su sitio web de conformidad con el\u202f<\/span><a href=\"https:\/\/www.boe.es\/eli\/es\/rd\/2018\/09\/07\/1112\/con\"><span data-contrast=\"none\">Real Decreto 1112\/2018, de 7 de septiembre<\/span><\/a><span data-contrast=\"auto\">, sobre accesibilidad de los sitios web y aplicaciones para dispositivos m\u00f3viles del sector p\u00fablico (en adelante, Real Decreto 1112\/2018, de 7 de septiembre).<\/span><span data-ccp-props=\"{&quot;201341983&quot;:0,&quot;335559739&quot;:160,&quot;335559740&quot;:259}\">\u00a0<\/span><\/p>\n<p><span data-contrast=\"auto\">La presente declaraci\u00f3n de accesibilidad se aplica al sitio web\u202f <a href=\"https:\/\/clinicaveterinariavalls.es\/en\/\">clinicaveterinariavalls.es<\/a><\/span><\/p>\n<p>&nbsp;<\/p>\n<h3><b><span data-contrast=\"auto\">Situaci\u00f3n de cumplimiento<\/span><\/b><span data-ccp-props=\"{&quot;201341983&quot;:0,&quot;335559739&quot;:160,&quot;335559740&quot;:259}\">\u00a0<\/span><\/h3>\n<p><span data-contrast=\"auto\">Este sitio web es\u202f<\/span><b><span data-contrast=\"auto\">plenamente conforme<\/span><\/b><span data-contrast=\"auto\">\u202fcon el Real Decreto 1112\/2018, de 7 de septiembre<\/span><span data-ccp-props=\"{&quot;201341983&quot;:0,&quot;335559739&quot;:160,&quot;335559740&quot;:259}\">\u00a0<\/span><\/p>\n<p><span data-ccp-props=\"{&quot;201341983&quot;:0,&quot;335559739&quot;:160,&quot;335559740&quot;:259}\"><\/span><\/p>\n<p><span data-ccp-props=\"{&quot;201341983&quot;:0,&quot;335559739&quot;:160,&quot;335559740&quot;:259}\"><\/span><\/p>\n<h3><b><span data-contrast=\"auto\">Preparaci\u00f3n de la presente declaraci\u00f3n de accesibilidad<\/span><\/b><span data-ccp-props=\"{&quot;201341983&quot;:0,&quot;335559739&quot;:160,&quot;335559740&quot;:259}\">\u00a0<\/span><\/h3>\n<p><span data-contrast=\"auto\">La presente declaraci\u00f3n fue preparada el 20 de julio de 2023.<\/span><span data-ccp-props=\"{&quot;201341983&quot;:0,&quot;335559739&quot;:160,&quot;335559740&quot;:259}\">\u00a0<\/span><\/p>\n<p><span data-contrast=\"auto\">El m\u00e9todo empleado para preparar la declaraci\u00f3n ha sido una autoevaluaci\u00f3n llevada a cabo por la empresa de desarrollo web.<\/span><span data-ccp-props=\"{&quot;201341983&quot;:0,&quot;335559739&quot;:160,&quot;335559740&quot;:259}\">\u00a0<\/span><\/p>\n<p><span data-ccp-props=\"{&quot;201341983&quot;:0,&quot;335559739&quot;:160,&quot;335559740&quot;:259}\"><\/span><\/p>\n<p><span data-ccp-props=\"{&quot;201341983&quot;:0,&quot;335559739&quot;:160,&quot;335559740&quot;:259}\"><\/span><\/p>\n<h3><b><span data-contrast=\"auto\">Observaciones y datos de contacto<\/span><\/b><span data-ccp-props=\"{&quot;201341983&quot;:0,&quot;335559739&quot;:160,&quot;335559740&quot;:259}\">\u00a0<\/span><\/h3>\n<p><span data-contrast=\"auto\">Puede realizar comunicaciones sobre requisitos de accesibilidad (art\u00edculo 10.2.a) del Real Decreto 1112\/2018, de 7 de septiembre) como, por ejemplo:<\/span><span data-ccp-props=\"{&quot;201341983&quot;:0,&quot;335559739&quot;:160,&quot;335559740&quot;:259}\">\u00a0<\/span><\/p>\n<ul>\n<li data-leveltext=\"\uf0b7\" data-font=\"Symbol\" data-listid=\"1\" data-list-defn-props=\"{&quot;335552541&quot;:1,&quot;335559684&quot;:-2,&quot;335559685&quot;:720,&quot;335559991&quot;:360,&quot;469769226&quot;:&quot;Symbol&quot;,&quot;469769242&quot;:[8226],&quot;469777803&quot;:&quot;left&quot;,&quot;469777804&quot;:&quot;\uf0b7&quot;,&quot;469777815&quot;:&quot;multilevel&quot;}\" aria-setsize=\"-1\" data-aria-posinset=\"1\" data-aria-level=\"1\"><span data-contrast=\"auto\">Informar sobre cualquier posible incumplimiento por parte de este sitio web.<\/span><span data-ccp-props=\"{&quot;201341983&quot;:0,&quot;335559739&quot;:160,&quot;335559740&quot;:259}\">\u00a0<\/span><\/li>\n<li data-leveltext=\"\uf0b7\" data-font=\"Symbol\" data-listid=\"1\" data-list-defn-props=\"{&quot;335552541&quot;:1,&quot;335559684&quot;:-2,&quot;335559685&quot;:720,&quot;335559991&quot;:360,&quot;469769226&quot;:&quot;Symbol&quot;,&quot;469769242&quot;:[8226],&quot;469777803&quot;:&quot;left&quot;,&quot;469777804&quot;:&quot;\uf0b7&quot;,&quot;469777815&quot;:&quot;multilevel&quot;}\" aria-setsize=\"-1\" data-aria-posinset=\"2\" data-aria-level=\"1\"><span data-contrast=\"auto\">Transmitir otras dificultades de acceso al contenido.<\/span><span data-ccp-props=\"{&quot;201341983&quot;:0,&quot;335559739&quot;:160,&quot;335559740&quot;:259}\">\u00a0<\/span><\/li>\n<li data-leveltext=\"\uf0b7\" data-font=\"Symbol\" data-listid=\"1\" data-list-defn-props=\"{&quot;335552541&quot;:1,&quot;335559684&quot;:-2,&quot;335559685&quot;:720,&quot;335559991&quot;:360,&quot;469769226&quot;:&quot;Symbol&quot;,&quot;469769242&quot;:[8226],&quot;469777803&quot;:&quot;left&quot;,&quot;469777804&quot;:&quot;\uf0b7&quot;,&quot;469777815&quot;:&quot;multilevel&quot;}\" aria-setsize=\"-1\" data-aria-posinset=\"3\" data-aria-level=\"1\"><span data-contrast=\"auto\">Formular cualquier otra consulta o sugerencia de mejora relativa a la accesibilidad del sitio web.<\/span><span data-ccp-props=\"{&quot;201341983&quot;:0,&quot;335559739&quot;:160,&quot;335559740&quot;:259}\">\u00a0<\/span><\/li>\n<\/ul>\n<p><span data-contrast=\"auto\">A trav\u00e9s de las siguientes v\u00edas:<\/span><span data-ccp-props=\"{&quot;201341983&quot;:0,&quot;335559739&quot;:160,&quot;335559740&quot;:259}\">\u00a0<\/span><\/p>\n<ul>\n<li data-leveltext=\"\uf0b7\" data-font=\"Symbol\" data-listid=\"2\" data-list-defn-props=\"{&quot;335552541&quot;:1,&quot;335559684&quot;:-2,&quot;335559685&quot;:720,&quot;335559991&quot;:360,&quot;469769226&quot;:&quot;Symbol&quot;,&quot;469769242&quot;:[8226],&quot;469777803&quot;:&quot;left&quot;,&quot;469777804&quot;:&quot;\uf0b7&quot;,&quot;469777815&quot;:&quot;multilevel&quot;}\" aria-setsize=\"-1\" data-aria-posinset=\"4\" data-aria-level=\"1\"><span data-contrast=\"auto\">Correo electr\u00f3nico: <a target=\"_blank\" class=\"c-link\" data-stringify-link=\"mailto:clinica.veterinaria.valls@gmail.com\" delay=\"150\" data-sk=\"tooltip_parent\" aria-haspopup=\"menu\" href=\"mailto:clinica.veterinaria.valls@gmail.com\" rel=\"noopener noreferrer\">clinica.veterinaria.valls@gmail.com<\/a><\/span><\/li>\n<\/ul>\n<p><span data-contrast=\"auto\">Tambi\u00e9n puede solicitar en formato accesible informaci\u00f3n que no cumpla con los requisitos de accesibilidad bien por estar excluida, bien por estar exenta por carga desproporcionada; o formular una queja por incumplimiento de los requisitos de accesibilidad.<\/span><span data-ccp-props=\"{&quot;201341983&quot;:0,&quot;335559739&quot;:160,&quot;335559740&quot;:259}\">\u00a0<\/span><\/p>\n<p><span data-contrast=\"auto\">\u202f<\/span><span data-ccp-props=\"{&quot;201341983&quot;:0,&quot;335559739&quot;:160,&quot;335559740&quot;:259}\">\u00a0<\/span><\/p>\n<h3><b><span data-contrast=\"auto\">Contenido opcional<\/span><\/b><span data-ccp-props=\"{&quot;201341983&quot;:0,&quot;335559739&quot;:160,&quot;335559740&quot;:259}\">\u00a0<\/span><\/h3>\n<p><span data-contrast=\"auto\">La versi\u00f3n actualmente visible de este sitio web es de septiembre de 2023<\/span><span data-ccp-props=\"{&quot;201341983&quot;:0,&quot;335559739&quot;:160,&quot;335559740&quot;:259}\">\u00a0<\/span><\/p>\n<p><span data-contrast=\"auto\">El sitio web est\u00e1 optimizado para los navegadores Microsoft Internet Explorer 8.0\u202fo versiones superiores y las \u00faltimas versiones vigentes de FireFox, Safari, Opera y Google Chrome. La\u202fresoluci\u00f3n\u202fweb\u202fm\u00ednima\u202frecomendada es de\u202f1280\u00d71024.<\/span><span data-ccp-props=\"{&quot;201341983&quot;:0,&quot;335559739&quot;:160,&quot;335559740&quot;:259}\">\u00a0<\/span><\/p>\n<p><span data-contrast=\"auto\">El sitio web est\u00e1 dise\u00f1ado para su visualizaci\u00f3n Responsive, con lo que se visualiza de forma \u00f3ptima en los dispositivos tablet y m\u00f3viles. En estos dispositivos est\u00e1 optimizado para su visualizaci\u00f3n en las \u00faltimas versiones vigentes de Chrome for mobile, Firefox for mobile, Safari mobile, Opera Mini y navegador nativo de Android.<\/span><span data-ccp-props=\"{&quot;201341983&quot;:0,&quot;335559739&quot;:160,&quot;335559740&quot;:259}\">\u00a0<\/span><\/p>\n<p><!-- \/divi:paragraph -->[\/et_pb_text][\/et_pb_column][\/et_pb_row][\/et_pb_section]<\/p>","protected":false},"excerpt":{"rendered":"<p><div class=\"et_pb_module lwp_divi_breadcrumbs lwp_divi_breadcrumbs_0\">\n\t\t\t\t\n\t\t\t\t\n\t\t\t\t\n\t\t\t\t\n\t\t\t\t\n\t\t\t\t\n\t\t\t\t<div class=\"et_pb_module_inner\">\n\t\t\t\t\t<div class=\"lwp-breadcrumbs\"> <span class=\"before\"><\/span> <span vocab=\"https:\/\/schema.org\/\" typeof=\"BreadcrumbList\"><span property=\"itemListElement\" typeof=\"ListItem\"><a property=\"item\" typeof=\"WebPage\" href=\"https:\/\/clinicaveterinariavalls.es\/en\/\" class=\"home\"><span property=\"name\">Home<\/span><\/a><meta property=\"position\" content=\"1\"><\/span> <span class=\"separator et-pb-icon\">&amp;#x39;<\/span> <\/span><\/div>\n\t\t\t\t<\/div>\n\t\t\t<\/div> Alejandro Valls marco (Cl\u00ednica veterinaria Valls) como beneficiario de KIT DIGITAL\u202f se ha comprometido a hacer accesible su sitio web de conformidad con el\u202fReal Decreto 1112\/2018, de 7 de septiembre, sobre accesibilidad de los sitios web y aplicaciones para dispositivos m\u00f3viles del [&hellip;]<\/p>","protected":false},"author":1,"featured_media":0,"parent":0,"menu_order":0,"comment_status":"closed","ping_status":"closed","template":"","meta":{"_et_pb_use_builder":"on","_et_pb_old_content":"","_et_gb_content_width":"","footnotes":""},"class_list":["post-446","page","type-page","status-publish","hentry"],"yoast_head":"<!-- This site is optimized with the Yoast SEO plugin v26.8 - https:\/\/yoast.com\/product\/yoast-seo-wordpress\/ -->\n<title>Declaraci\u00f3n de Accesibilidad - Cl\u00ednica Veterinaria Valls<\/title>\n<meta name=\"robots\" content=\"index, follow, max-snippet:-1, max-image-preview:large, max-video-preview:-1\" \/>\n<link rel=\"canonical\" href=\"https:\/\/clinicaveterinariavalls.es\/en\/declaracion-de-accesibilidad\/\" \/>\n<meta property=\"og:locale\" content=\"en_GB\" \/>\n<meta property=\"og:type\" content=\"article\" \/>\n<meta property=\"og:title\" content=\"Declaraci\u00f3n de Accesibilidad - Cl\u00ednica Veterinaria Valls\" \/>\n<meta property=\"og:description\" content=\"Alejandro Valls marco (Cl\u00ednica veterinaria Valls) como beneficiario de KIT DIGITAL\u202f se ha comprometido a hacer accesible su sitio web de conformidad con el\u202fReal Decreto 1112\/2018, de 7 de septiembre, sobre accesibilidad de los sitios web y aplicaciones para dispositivos m\u00f3viles del [&hellip;]\" \/>\n<meta property=\"og:url\" content=\"https:\/\/clinicaveterinariavalls.es\/en\/declaracion-de-accesibilidad\/\" \/>\n<meta property=\"og:site_name\" content=\"Cl\u00ednica Veterinaria Valls\" \/>\n<meta property=\"article:publisher\" content=\"https:\/\/www.facebook.com\/clinicaveterinariavalls\/?locale=es_ES\" \/>\n<meta property=\"article:modified_time\" content=\"2023-11-27T09:36:54+00:00\" \/>\n<meta property=\"og:image\" content=\"https:\/\/clinicaveterinariavalls.es\/wp-content\/uploads\/2023\/07\/photo_2023-05-09-11.31.40.jpeg\" \/>\n\t<meta property=\"og:image:width\" content=\"373\" \/>\n\t<meta property=\"og:image:height\" content=\"222\" \/>\n\t<meta property=\"og:image:type\" content=\"image\/jpeg\" \/>\n<meta name=\"twitter:card\" content=\"summary_large_image\" \/>\n<script type=\"application\/ld+json\" class=\"yoast-schema-graph\">{\"@context\":\"https:\/\/schema.org\",\"@graph\":[{\"@type\":\"WebPage\",\"@id\":\"https:\/\/clinicaveterinariavalls.es\/en\/declaracion-de-accesibilidad\/\",\"url\":\"https:\/\/clinicaveterinariavalls.es\/en\/declaracion-de-accesibilidad\/\",\"name\":\"Declaraci\u00f3n de Accesibilidad - Cl\u00ednica Veterinaria Valls\",\"isPartOf\":{\"@id\":\"https:\/\/clinicaveterinariavalls.es\/#website\"},\"datePublished\":\"2023-11-27T09:23:37+00:00\",\"dateModified\":\"2023-11-27T09:36:54+00:00\",\"breadcrumb\":{\"@id\":\"https:\/\/clinicaveterinariavalls.es\/en\/declaracion-de-accesibilidad\/#breadcrumb\"},\"inLanguage\":\"en-GB\",\"potentialAction\":[{\"@type\":\"ReadAction\",\"target\":[\"https:\/\/clinicaveterinariavalls.es\/en\/declaracion-de-accesibilidad\/\"]}]},{\"@type\":\"BreadcrumbList\",\"@id\":\"https:\/\/clinicaveterinariavalls.es\/en\/declaracion-de-accesibilidad\/#breadcrumb\",\"itemListElement\":[{\"@type\":\"ListItem\",\"position\":1,\"name\":\"Portada\",\"item\":\"https:\/\/clinicaveterinariavalls.es\/\"},{\"@type\":\"ListItem\",\"position\":2,\"name\":\"Declaraci\u00f3n de Accesibilidad\"}]},{\"@type\":\"WebSite\",\"@id\":\"https:\/\/clinicaveterinariavalls.es\/#website\",\"url\":\"https:\/\/clinicaveterinariavalls.es\/\",\"name\":\"Cl\u00ednica Veterinaria Valls en Logro\u00f1o\",\"description\":\"M\u00e1s de 20 a\u00f1os trabajando para las mascotas en Logro\u00f1o La Rioja\",\"publisher\":{\"@id\":\"https:\/\/clinicaveterinariavalls.es\/#organization\"},\"alternateName\":\"Cl\u00ednica Veterinaria\",\"potentialAction\":[{\"@type\":\"SearchAction\",\"target\":{\"@type\":\"EntryPoint\",\"urlTemplate\":\"https:\/\/clinicaveterinariavalls.es\/?s={search_term_string}\"},\"query-input\":{\"@type\":\"PropertyValueSpecification\",\"valueRequired\":true,\"valueName\":\"search_term_string\"}}],\"inLanguage\":\"en-GB\"},{\"@type\":\"Organization\",\"@id\":\"https:\/\/clinicaveterinariavalls.es\/#organization\",\"name\":\"Clinica Veterinaria Valls\",\"url\":\"https:\/\/clinicaveterinariavalls.es\/\",\"logo\":{\"@type\":\"ImageObject\",\"inLanguage\":\"en-GB\",\"@id\":\"https:\/\/clinicaveterinariavalls.es\/#\/schema\/logo\/image\/\",\"url\":\"https:\/\/clinicaveterinariavalls.es\/wp-content\/uploads\/2023\/07\/photo_2023-05-09-11.31.40.jpeg\",\"contentUrl\":\"https:\/\/clinicaveterinariavalls.es\/wp-content\/uploads\/2023\/07\/photo_2023-05-09-11.31.40.jpeg\",\"width\":373,\"height\":222,\"caption\":\"Clinica Veterinaria Valls\"},\"image\":{\"@id\":\"https:\/\/clinicaveterinariavalls.es\/#\/schema\/logo\/image\/\"},\"sameAs\":[\"https:\/\/www.facebook.com\/clinicaveterinariavalls\/?locale=es_ES\"]}]}<\/script>\n<!-- \/ Yoast SEO plugin. -->","yoast_head_json":{"title":"Declaraci\u00f3n de Accesibilidad - Cl\u00ednica Veterinaria Valls","robots":{"index":"index","follow":"follow","max-snippet":"max-snippet:-1","max-image-preview":"max-image-preview:large","max-video-preview":"max-video-preview:-1"},"canonical":"https:\/\/clinicaveterinariavalls.es\/en\/declaracion-de-accesibilidad\/","og_locale":"en_GB","og_type":"article","og_title":"Declaraci\u00f3n de Accesibilidad - Cl\u00ednica Veterinaria Valls","og_description":"Alejandro Valls marco (Cl\u00ednica veterinaria Valls) como beneficiario de KIT DIGITAL\u202f se ha comprometido a hacer accesible su sitio web de conformidad con el\u202fReal Decreto 1112\/2018, de 7 de septiembre, sobre accesibilidad de los sitios web y aplicaciones para dispositivos m\u00f3viles del [&hellip;]","og_url":"https:\/\/clinicaveterinariavalls.es\/en\/declaracion-de-accesibilidad\/","og_site_name":"Cl\u00ednica Veterinaria Valls","article_publisher":"https:\/\/www.facebook.com\/clinicaveterinariavalls\/?locale=es_ES","article_modified_time":"2023-11-27T09:36:54+00:00","og_image":[{"width":373,"height":222,"url":"https:\/\/clinicaveterinariavalls.es\/wp-content\/uploads\/2023\/07\/photo_2023-05-09-11.31.40.jpeg","type":"image\/jpeg"}],"twitter_card":"summary_large_image","schema":{"@context":"https:\/\/schema.org","@graph":[{"@type":"WebPage","@id":"https:\/\/clinicaveterinariavalls.es\/en\/declaracion-de-accesibilidad\/","url":"https:\/\/clinicaveterinariavalls.es\/en\/declaracion-de-accesibilidad\/","name":"Declaraci\u00f3n de Accesibilidad - Cl\u00ednica Veterinaria Valls","isPartOf":{"@id":"https:\/\/clinicaveterinariavalls.es\/#website"},"datePublished":"2023-11-27T09:23:37+00:00","dateModified":"2023-11-27T09:36:54+00:00","breadcrumb":{"@id":"https:\/\/clinicaveterinariavalls.es\/en\/declaracion-de-accesibilidad\/#breadcrumb"},"inLanguage":"en-GB","potentialAction":[{"@type":"ReadAction","target":["https:\/\/clinicaveterinariavalls.es\/en\/declaracion-de-accesibilidad\/"]}]},{"@type":"BreadcrumbList","@id":"https:\/\/clinicaveterinariavalls.es\/en\/declaracion-de-accesibilidad\/#breadcrumb","itemListElement":[{"@type":"ListItem","position":1,"name":"Portada","item":"https:\/\/clinicaveterinariavalls.es\/"},{"@type":"ListItem","position":2,"name":"Declaraci\u00f3n de Accesibilidad"}]},{"@type":"WebSite","@id":"https:\/\/clinicaveterinariavalls.es\/#website","url":"https:\/\/clinicaveterinariavalls.es\/","name":"Cl\u00ednica Veterinaria Valls en Logro\u00f1o","description":"M\u00e1s de 20 a\u00f1os trabajando para las mascotas en Logro\u00f1o La Rioja","publisher":{"@id":"https:\/\/clinicaveterinariavalls.es\/#organization"},"alternateName":"Cl\u00ednica Veterinaria","potentialAction":[{"@type":"SearchAction","target":{"@type":"EntryPoint","urlTemplate":"https:\/\/clinicaveterinariavalls.es\/?s={search_term_string}"},"query-input":{"@type":"PropertyValueSpecification","valueRequired":true,"valueName":"search_term_string"}}],"inLanguage":"en-GB"},{"@type":"Organization","@id":"https:\/\/clinicaveterinariavalls.es\/#organization","name":"Clinica Veterinaria Valls","url":"https:\/\/clinicaveterinariavalls.es\/","logo":{"@type":"ImageObject","inLanguage":"en-GB","@id":"https:\/\/clinicaveterinariavalls.es\/#\/schema\/logo\/image\/","url":"https:\/\/clinicaveterinariavalls.es\/wp-content\/uploads\/2023\/07\/photo_2023-05-09-11.31.40.jpeg","contentUrl":"https:\/\/clinicaveterinariavalls.es\/wp-content\/uploads\/2023\/07\/photo_2023-05-09-11.31.40.jpeg","width":373,"height":222,"caption":"Clinica Veterinaria Valls"},"image":{"@id":"https:\/\/clinicaveterinariavalls.es\/#\/schema\/logo\/image\/"},"sameAs":["https:\/\/www.facebook.com\/clinicaveterinariavalls\/?locale=es_ES"]}]}},"_links":{"self":[{"href":"https:\/\/clinicaveterinariavalls.es\/en\/wp-json\/wp\/v2\/pages\/446","targetHints":{"allow":["GET"]}}],"collection":[{"href":"https:\/\/clinicaveterinariavalls.es\/en\/wp-json\/wp\/v2\/pages"}],"about":[{"href":"https:\/\/clinicaveterinariavalls.es\/en\/wp-json\/wp\/v2\/types\/page"}],"author":[{"embeddable":true,"href":"https:\/\/clinicaveterinariavalls.es\/en\/wp-json\/wp\/v2\/users\/1"}],"replies":[{"embeddable":true,"href":"https:\/\/clinicaveterinariavalls.es\/en\/wp-json\/wp\/v2\/comments?post=446"}],"version-history":[{"count":4,"href":"https:\/\/clinicaveterinariavalls.es\/en\/wp-json\/wp\/v2\/pages\/446\/revisions"}],"predecessor-version":[{"id":462,"href":"https:\/\/clinicaveterinariavalls.es\/en\/wp-json\/wp\/v2\/pages\/446\/revisions\/462"}],"wp:attachment":[{"href":"https:\/\/clinicaveterinariavalls.es\/en\/wp-json\/wp\/v2\/media?parent=446"}],"curies":[{"name":"wp","href":"https:\/\/api.w.org\/{rel}","templated":true}]}}